{"id":664,"date":"2021-12-06T17:03:02","date_gmt":"2021-12-06T20:03:02","guid":{"rendered":"http:\/\/nuevo.trinity.esc.edu.ar\/?page_id=664"},"modified":"2021-12-06T17:03:02","modified_gmt":"2021-12-06T20:03:02","slug":"matematica","status":"publish","type":"page","link":"https:\/\/trinity.esc.edu.ar\/en\/matematica\/","title":{"rendered":"Math"},"content":{"rendered":"<div class=\"container section-title-container\" ><h2 class=\"section-title section-title-center\"><b aria-hidden=\"true\"><\/b><span class=\"section-title-main\" >MATH<\/span><b aria-hidden=\"true\"><\/b><\/h2><\/div>\n<h3>math to do<\/h3>\n<p>&quot;Mathematics to do&quot; is a pedagogical proposal, specially designed to narrow the academic gap between the contents of the secondary level and the level necessary for a successful admission to national universities.<\/p>\n<p>The statistics speak for themselves about a lack of coordination between both levels, studies show that it is not a lack of content or academic shortcomings but rather a feedback about what higher level institutions expect about skills of the applicants. That is why &quot;Mathematics to do&quot; provides in each conceptual unit a special section to reproduce exercises from admission exams in universities such as: UNMdP, Fac de Cs Exactas, Universidad del CEMA, Universidad de San Andr\u00e9s, Universidad Torcuato Di Tella and Argentine Catholic University.<\/p>\n<p>Reconciling the national academic requirements necessary to access higher education, as mentioned above, with the international proposals implies giving a focus to each thematic unit that involves the algebraic, functional aspects and applications to problematic situations that allow developing calculation skills, predictions of results, use of appropriate technology and symbolic language, reasoning strategies and criteria of acceptability of results.<\/p>\n<p>The success or failure of the pedagogical proposal can be evaluated in terms of the success or failure of the students&#039; mathematics exams for university entrance. Currently, more than eighty percent of them pass their examination in the first instance, which allows us to ensure that it is a viable proposal, with specific and medial objectives.<\/p>\n\n  \n    <div class=\"row large-columns-2 medium-columns- small-columns-\" >\n  <div class=\"gallery-col col\" >\n          <div class=\"col-inner\">\n            <a class=\"image-lightbox lightbox-gallery\" href=\"https:\/\/trinity.esc.edu.ar\/wp-content\/uploads\/2021\/12\/20210429_115039_resized-1024x768.jpg\" title=\"\">            <div class=\"box has-hover gallery-box box-overlay dark\">\n              <div class=\"box-image\" >\n                <img fetchpriority=\"high\" decoding=\"async\" width=\"2560\" height=\"1920\" src=\"https:\/\/trinity.esc.edu.ar\/wp-content\/uploads\/2021\/12\/20210429_115039_resized-scaled.jpg\" class=\"attachment-original size-original\" alt=\"\" ids=\"666,667\" columns=\"2\" image_size=\"original\" srcset=\"https:\/\/trinity.esc.edu.ar\/wp-content\/uploads\/2021\/12\/20210429_115039_resized-scaled.jpg 2560w, https:\/\/trinity.esc.edu.ar\/wp-content\/uploads\/2021\/12\/20210429_115039_resized-300x225.jpg 300w, https:\/\/trinity.esc.edu.ar\/wp-content\/uploads\/2021\/12\/20210429_115039_resized-1024x768.jpg 1024w, https:\/\/trinity.esc.edu.ar\/wp-content\/uploads\/2021\/12\/20210429_115039_resized-768x576.jpg 768w, https:\/\/trinity.esc.edu.ar\/wp-content\/uploads\/2021\/12\/20210429_115039_resized-1536x1152.jpg 1536w, https:\/\/trinity.esc.edu.ar\/wp-content\/uploads\/2021\/12\/20210429_115039_resized-2048x1536.jpg 2048w\" sizes=\"(max-width: 2560px) 100vw, 2560px\" \/>                                  <div class=\"overlay fill\"\n                      style=\"background-color: rgba(0,0,0,.15)\">\n                  <\/div>\n                                                              <\/div>\n              <div class=\"box-text text-left\" >\n                 <p><\/p>\n              <\/div>\n            <\/div>\n            <\/a>          <\/div>\n         <\/div><div class=\"gallery-col col\" >\n          <div class=\"col-inner\">\n            <a class=\"image-lightbox lightbox-gallery\" href=\"https:\/\/trinity.esc.edu.ar\/wp-content\/uploads\/2021\/12\/20210429_115041_resized-1024x768.jpg\" title=\"\">            <div class=\"box has-hover gallery-box box-overlay dark\">\n              <div class=\"box-image\" >\n                <img decoding=\"async\" width=\"2560\" height=\"1920\" src=\"https:\/\/trinity.esc.edu.ar\/wp-content\/uploads\/2021\/12\/20210429_115041_resized-scaled.jpg\" class=\"attachment-original size-original\" alt=\"\" ids=\"666,667\" columns=\"2\" image_size=\"original\" srcset=\"https:\/\/trinity.esc.edu.ar\/wp-content\/uploads\/2021\/12\/20210429_115041_resized-scaled.jpg 2560w, https:\/\/trinity.esc.edu.ar\/wp-content\/uploads\/2021\/12\/20210429_115041_resized-300x225.jpg 300w, https:\/\/trinity.esc.edu.ar\/wp-content\/uploads\/2021\/12\/20210429_115041_resized-1024x768.jpg 1024w, https:\/\/trinity.esc.edu.ar\/wp-content\/uploads\/2021\/12\/20210429_115041_resized-768x576.jpg 768w, https:\/\/trinity.esc.edu.ar\/wp-content\/uploads\/2021\/12\/20210429_115041_resized-1536x1152.jpg 1536w, https:\/\/trinity.esc.edu.ar\/wp-content\/uploads\/2021\/12\/20210429_115041_resized-2048x1536.jpg 2048w\" sizes=\"(max-width: 2560px) 100vw, 2560px\" \/>                                  <div class=\"overlay fill\"\n                      style=\"background-color: rgba(0,0,0,.15)\">\n                  <\/div>\n                                                              <\/div>\n              <div class=\"box-text text-left\" >\n                 <p><\/p>\n              <\/div>\n            <\/div>\n            <\/a>          <\/div>\n         <\/div><\/div>","protected":false},"excerpt":{"rendered":"<p>Matem\u00e1ticas para hacer \u201cMatem\u00e1tica para hacer\u201d es una propuesta pedag\u00f3gica, especialmente dise\u00f1ada para estrechar la brecha acad\u00e9mica entre los contenidos del nivel segundario y el nivel necesario para un exitoso ingreso a las universidades nacionales. Las estad\u00edsticas se hablan por s\u00ed mismas acerca de una falta de coordinaci\u00f3n entre ambas niveles, los estudios muestran que [&#8230;]\n","protected":false},"author":1,"featured_media":0,"parent":0,"menu_order":0,"comment_status":"closed","ping_status":"closed","template":"","meta":{"footnotes":""},"class_list":["post-664","page","type-page","status-publish","hentry"],"yoast_head":"<!-- This site is optimized with the Yoast SEO plugin v27.3 - https:\/\/yoast.com\/product\/yoast-seo-wordpress\/ -->\n<title>Matematica - Holy Trinity College | Colegio Biling\u00fce en Mar del Plata<\/title>\n<meta name=\"robots\" content=\"index, follow, max-snippet:-1, max-image-preview:large, max-video-preview:-1\" \/>\n<link rel=\"canonical\" href=\"https:\/\/trinity.esc.edu.ar\/en\/matematica\/\" \/>\n<meta property=\"og:locale\" content=\"en_US\" \/>\n<meta property=\"og:type\" content=\"article\" \/>\n<meta property=\"og:title\" content=\"Matematica - Holy Trinity College | Colegio Biling\u00fce en Mar del Plata\" \/>\n<meta property=\"og:description\" content=\"Matem\u00e1ticas para hacer \u201cMatem\u00e1tica para hacer\u201d es una propuesta pedag\u00f3gica, especialmente dise\u00f1ada para estrechar la brecha acad\u00e9mica entre los contenidos del nivel segundario y el nivel necesario para un exitoso ingreso a las universidades nacionales. Las estad\u00edsticas se hablan por s\u00ed mismas acerca de una falta de coordinaci\u00f3n entre ambas niveles, los estudios muestran que [...]\" \/>\n<meta property=\"og:url\" content=\"https:\/\/trinity.esc.edu.ar\/en\/matematica\/\" \/>\n<meta property=\"og:site_name\" content=\"Holy Trinity College | Colegio Biling\u00fce en Mar del Plata\" \/>\n<meta name=\"twitter:card\" content=\"summary_large_image\" \/>\n<meta name=\"twitter:label1\" content=\"Est. reading time\" \/>\n\t<meta name=\"twitter:data1\" content=\"2 minutes\" \/>\n<script type=\"application\/ld+json\" class=\"yoast-schema-graph\">{\"@context\":\"https:\\\/\\\/schema.org\",\"@graph\":[{\"@type\":\"WebPage\",\"@id\":\"https:\\\/\\\/trinity.esc.edu.ar\\\/en\\\/matematica\\\/\",\"url\":\"https:\\\/\\\/trinity.esc.edu.ar\\\/en\\\/matematica\\\/\",\"name\":\"Matematica - Holy Trinity College | Colegio Biling\u00fce en Mar del Plata\",\"isPartOf\":{\"@id\":\"https:\\\/\\\/trinity.esc.edu.ar\\\/#website\"},\"datePublished\":\"2021-12-06T20:03:02+00:00\",\"breadcrumb\":{\"@id\":\"https:\\\/\\\/trinity.esc.edu.ar\\\/en\\\/matematica\\\/#breadcrumb\"},\"inLanguage\":\"en-US\",\"potentialAction\":[{\"@type\":\"ReadAction\",\"target\":[\"https:\\\/\\\/trinity.esc.edu.ar\\\/en\\\/matematica\\\/\"]}]},{\"@type\":\"BreadcrumbList\",\"@id\":\"https:\\\/\\\/trinity.esc.edu.ar\\\/en\\\/matematica\\\/#breadcrumb\",\"itemListElement\":[{\"@type\":\"ListItem\",\"position\":1,\"name\":\"Home\",\"item\":\"https:\\\/\\\/trinity.esc.edu.ar\\\/\"},{\"@type\":\"ListItem\",\"position\":2,\"name\":\"Matematica\"}]},{\"@type\":\"WebSite\",\"@id\":\"https:\\\/\\\/trinity.esc.edu.ar\\\/#website\",\"url\":\"https:\\\/\\\/trinity.esc.edu.ar\\\/\",\"name\":\"Holy Trinity College | Colegio Biling\u00fce en Mar del Plata\",\"description\":\"Educaci\u00f3n biling\u00fce cat\u00f3lica en Mar del Plata. Jard\u00edn, Primaria y Secundario con formaci\u00f3n acad\u00e9mica, deportiva y valores para la vida.\",\"publisher\":{\"@id\":\"https:\\\/\\\/trinity.esc.edu.ar\\\/#organization\"},\"potentialAction\":[{\"@type\":\"SearchAction\",\"target\":{\"@type\":\"EntryPoint\",\"urlTemplate\":\"https:\\\/\\\/trinity.esc.edu.ar\\\/?s={search_term_string}\"},\"query-input\":{\"@type\":\"PropertyValueSpecification\",\"valueRequired\":true,\"valueName\":\"search_term_string\"}}],\"inLanguage\":\"en-US\"},{\"@type\":\"Organization\",\"@id\":\"https:\\\/\\\/trinity.esc.edu.ar\\\/#organization\",\"name\":\"Holy Trinity College | Colegio Biling\u00fce en Mar del Plata\",\"url\":\"https:\\\/\\\/trinity.esc.edu.ar\\\/\",\"logo\":{\"@type\":\"ImageObject\",\"inLanguage\":\"en-US\",\"@id\":\"https:\\\/\\\/trinity.esc.edu.ar\\\/#\\\/schema\\\/logo\\\/image\\\/\",\"url\":\"https:\\\/\\\/trinity.esc.edu.ar\\\/wp-content\\\/uploads\\\/2021\\\/08\\\/logo.png\",\"contentUrl\":\"https:\\\/\\\/trinity.esc.edu.ar\\\/wp-content\\\/uploads\\\/2021\\\/08\\\/logo.png\",\"width\":385,\"height\":100,\"caption\":\"Holy Trinity College | Colegio Biling\u00fce en Mar del Plata\"},\"image\":{\"@id\":\"https:\\\/\\\/trinity.esc.edu.ar\\\/#\\\/schema\\\/logo\\\/image\\\/\"}}]}<\/script>\n<!-- \/ Yoast SEO plugin. -->","yoast_head_json":{"title":"Mathematics - Holy Trinity College | Bilingual School in Mar del Plata","robots":{"index":"index","follow":"follow","max-snippet":"max-snippet:-1","max-image-preview":"max-image-preview:large","max-video-preview":"max-video-preview:-1"},"canonical":"https:\/\/trinity.esc.edu.ar\/en\/matematica\/","og_locale":"en_US","og_type":"article","og_title":"Matematica - Holy Trinity College | Colegio Biling\u00fce en Mar del Plata","og_description":"Matem\u00e1ticas para hacer \u201cMatem\u00e1tica para hacer\u201d es una propuesta pedag\u00f3gica, especialmente dise\u00f1ada para estrechar la brecha acad\u00e9mica entre los contenidos del nivel segundario y el nivel necesario para un exitoso ingreso a las universidades nacionales. Las estad\u00edsticas se hablan por s\u00ed mismas acerca de una falta de coordinaci\u00f3n entre ambas niveles, los estudios muestran que [...]","og_url":"https:\/\/trinity.esc.edu.ar\/en\/matematica\/","og_site_name":"Holy Trinity College | Colegio Biling\u00fce en Mar del Plata","twitter_card":"summary_large_image","twitter_misc":{"Est. reading time":"2 minutes"},"schema":{"@context":"https:\/\/schema.org","@graph":[{"@type":"WebPage","@id":"https:\/\/trinity.esc.edu.ar\/en\/matematica\/","url":"https:\/\/trinity.esc.edu.ar\/en\/matematica\/","name":"Mathematics - Holy Trinity College | Bilingual School in Mar del Plata","isPartOf":{"@id":"https:\/\/trinity.esc.edu.ar\/#website"},"datePublished":"2021-12-06T20:03:02+00:00","breadcrumb":{"@id":"https:\/\/trinity.esc.edu.ar\/en\/matematica\/#breadcrumb"},"inLanguage":"en-US","potentialAction":[{"@type":"ReadAction","target":["https:\/\/trinity.esc.edu.ar\/en\/matematica\/"]}]},{"@type":"BreadcrumbList","@id":"https:\/\/trinity.esc.edu.ar\/en\/matematica\/#breadcrumb","itemListElement":[{"@type":"ListItem","position":1,"name":"Home","item":"https:\/\/trinity.esc.edu.ar\/"},{"@type":"ListItem","position":2,"name":"Matematica"}]},{"@type":"WebSite","@id":"https:\/\/trinity.esc.edu.ar\/#website","url":"https:\/\/trinity.esc.edu.ar\/","name":"Holy Trinity College | Bilingual School in Mar del Plata","description":"Bilingual Catholic education in Mar del Plata. Kindergarten, Primary and Secondary with academic, sports and values training for life.","publisher":{"@id":"https:\/\/trinity.esc.edu.ar\/#organization"},"potentialAction":[{"@type":"SearchAction","target":{"@type":"EntryPoint","urlTemplate":"https:\/\/trinity.esc.edu.ar\/?s={search_term_string}"},"query-input":{"@type":"PropertyValueSpecification","valueRequired":true,"valueName":"search_term_string"}}],"inLanguage":"en-US"},{"@type":"Organization","@id":"https:\/\/trinity.esc.edu.ar\/#organization","name":"Holy Trinity College | Bilingual School in Mar del Plata","url":"https:\/\/trinity.esc.edu.ar\/","logo":{"@type":"ImageObject","inLanguage":"en-US","@id":"https:\/\/trinity.esc.edu.ar\/#\/schema\/logo\/image\/","url":"https:\/\/trinity.esc.edu.ar\/wp-content\/uploads\/2021\/08\/logo.png","contentUrl":"https:\/\/trinity.esc.edu.ar\/wp-content\/uploads\/2021\/08\/logo.png","width":385,"height":100,"caption":"Holy Trinity College | Colegio Biling\u00fce en Mar del Plata"},"image":{"@id":"https:\/\/trinity.esc.edu.ar\/#\/schema\/logo\/image\/"}}]}},"_links":{"self":[{"href":"https:\/\/trinity.esc.edu.ar\/en\/wp-json\/wp\/v2\/pages\/664","targetHints":{"allow":["GET"]}}],"collection":[{"href":"https:\/\/trinity.esc.edu.ar\/en\/wp-json\/wp\/v2\/pages"}],"about":[{"href":"https:\/\/trinity.esc.edu.ar\/en\/wp-json\/wp\/v2\/types\/page"}],"author":[{"embeddable":true,"href":"https:\/\/trinity.esc.edu.ar\/en\/wp-json\/wp\/v2\/users\/1"}],"replies":[{"embeddable":true,"href":"https:\/\/trinity.esc.edu.ar\/en\/wp-json\/wp\/v2\/comments?post=664"}],"version-history":[{"count":0,"href":"https:\/\/trinity.esc.edu.ar\/en\/wp-json\/wp\/v2\/pages\/664\/revisions"}],"wp:attachment":[{"href":"https:\/\/trinity.esc.edu.ar\/en\/wp-json\/wp\/v2\/media?parent=664"}],"curies":[{"name":"wp","href":"https:\/\/api.w.org\/{rel}","templated":true}]}}