{"id":647,"date":"2021-12-06T16:53:58","date_gmt":"2021-12-06T19:53:58","guid":{"rendered":"http:\/\/nuevo.trinity.esc.edu.ar\/?page_id=647"},"modified":"2024-08-28T10:12:51","modified_gmt":"2024-08-28T13:12:51","slug":"creatividad-accion-y-servicio","status":"publish","type":"page","link":"https:\/\/trinity.esc.edu.ar\/en\/creatividad-accion-y-servicio\/","title":{"rendered":"Creativity Action and Service"},"content":{"rendered":"<div class=\"container section-title-container\" ><h2 class=\"section-title section-title-center\"><b aria-hidden=\"true\"><\/b><span class=\"section-title-main\" >Creativity Activity and Service<\/span><b aria-hidden=\"true\"><\/b><\/h2><\/div>\n<p>\u201cYou must be the change you want to see in the world\u201d<\/p>\n<p><b>Mahatma Gandhi<\/b><\/p>\n<p>CAS is located at the heart of the IB Diploma Programme. It is one of the three essential elements of this program and constitutes a very important component in the school curriculum of the 5th and 6th Years. It engages students in a series of activities and projects, which allow them to increase their personal and interpersonal development through experiential learning. At the same time, it offers an interesting balance to the academic pressure of the last years of High School.<\/p>\n<p>A good CAS experience should be both challenging and enjoyable. A personal journey of self discovery. Each student has a different starting point and therefore different goals and needs, but CAS activities should always include deep experiences and personal transformation.<\/p>\n<p><b>The three branches of CAS are:<\/b><\/p>\n<p><b>CREATIVITY:<\/b>\u00a0The arts and any activity that involves creative thinking.<\/p>\n<p><b>ACTIVITY:<\/b>\u00a0Physical activity: improve performance in a sport that is practiced or learn a new sport that contributes to a healthy lifestyle and balances academic work.<\/p>\n<p><b>SERVICE:<\/b>\u00a0Voluntary activities in favor of people or institutions that need it, respecting the rights, dignity and autonomy of all those involved.<\/p>\n<h3>CAS message<\/h3>\n<p>The beauty of CAS is that it is an experience developed by each student and for each student. With CAS they will reach the local, national and global community carrying out projects and activities that confront them with different realities and open their eyes to reflection in the search for solutions to improve them. It is becoming an active member of life and learning who they are. It is a journey of joys, sorrows, responsibility and, above all, personal growth through lived experiences.<\/p>\n<h3>A roof for my country<\/h3>\n<p><b>SECONDARY PROGRAM<\/b><\/p>\n<p>&quot;Be the change you want to see in the world&quot;<\/p>\n<p>TECHO is an organization present in Latin America that seeks to overcome the situation of poverty that thousands of people live in precarious settlements, through the joint action of its residents and young volunteers.<\/p>\n<p>Through this Program, we seek to promote volunteer work among children who are finishing High School and are in a special stage of their formation as a person. TECHO seeks to be the means for comprehensive training that allows students not only to grow intellectually and professionally, but also humanly and socially.<\/p>\n<p>At Holy Trinity College we started dreaming of building a house in 2012. We worked hard during 2013 to be able to qualify for the November build, which was the last of the year\u2026. and we did it!!!!<\/p>\n<p>The experience was fantastic and the enthusiasm of the boys has already spread throughout the School. We are convinced that the opportunity to help more families to have their ROOF should be one of our priorities.<\/p>\n\n  \n    <div class=\"row large-columns-5 medium-columns-3 small-columns-2\" >\n  <div class=\"gallery-col col\" >\n          <div class=\"col-inner\">\n            <a class=\"image-lightbox lightbox-gallery\" href=\"https:\/\/trinity.esc.edu.ar\/wp-content\/uploads\/2021\/12\/1-2-1.jpg\" title=\"\">            <div class=\"box has-hover gallery-box box-overlay dark\">\n              <div class=\"box-image\" >\n                <img fetchpriority=\"high\" decoding=\"async\" width=\"300\" height=\"225\" src=\"https:\/\/trinity.esc.edu.ar\/wp-content\/uploads\/2021\/12\/1-2-1-300x225.jpg\" class=\"attachment-medium size-medium\" alt=\"\" ids=\"651,652,653,654,655,656,657,658,659,660\" columns=\"5\" srcset=\"https:\/\/trinity.esc.edu.ar\/wp-content\/uploads\/2021\/12\/1-2-1-300x225.jpg 300w, https:\/\/trinity.esc.edu.ar\/wp-content\/uploads\/2021\/12\/1-2-1-768x576.jpg 768w, https:\/\/trinity.esc.edu.ar\/wp-content\/uploads\/2021\/12\/1-2-1.jpg 980w\" sizes=\"(max-width: 300px) 100vw, 300px\" \/>                                  <div class=\"overlay fill\"\n                      style=\"background-color: rgba(0,0,0,.15)\">\n                  <\/div>\n                                                              <\/div>\n              <div class=\"box-text text-left\" >\n                 <p><\/p>\n              <\/div>\n            <\/div>\n            <\/a>          <\/div>\n         <\/div><div class=\"gallery-col col\" >\n          <div class=\"col-inner\">\n            <a class=\"image-lightbox lightbox-gallery\" href=\"https:\/\/trinity.esc.edu.ar\/wp-content\/uploads\/2021\/12\/2-2-1.jpg\" title=\"\">            <div class=\"box has-hover gallery-box box-overlay dark\">\n              <div class=\"box-image\" >\n                <img decoding=\"async\" width=\"300\" height=\"225\" src=\"https:\/\/trinity.esc.edu.ar\/wp-content\/uploads\/2021\/12\/2-2-1-300x225.jpg\" class=\"attachment-medium size-medium\" alt=\"\" ids=\"651,652,653,654,655,656,657,658,659,660\" columns=\"5\" srcset=\"https:\/\/trinity.esc.edu.ar\/wp-content\/uploads\/2021\/12\/2-2-1-300x225.jpg 300w, https:\/\/trinity.esc.edu.ar\/wp-content\/uploads\/2021\/12\/2-2-1-768x576.jpg 768w, https:\/\/trinity.esc.edu.ar\/wp-content\/uploads\/2021\/12\/2-2-1.jpg 980w\" sizes=\"(max-width: 300px) 100vw, 300px\" \/>                                  <div class=\"overlay fill\"\n                      style=\"background-color: rgba(0,0,0,.15)\">\n                  <\/div>\n                                                              <\/div>\n              <div class=\"box-text text-left\" >\n                 <p><\/p>\n              <\/div>\n            <\/div>\n            <\/a>          <\/div>\n         <\/div><div class=\"gallery-col col\" >\n          <div class=\"col-inner\">\n            <a class=\"image-lightbox lightbox-gallery\" href=\"https:\/\/trinity.esc.edu.ar\/wp-content\/uploads\/2021\/12\/3-2-1.jpg\" title=\"\">            <div class=\"box has-hover gallery-box box-overlay dark\">\n              <div class=\"box-image\" >\n                <img decoding=\"async\" width=\"300\" height=\"225\" src=\"https:\/\/trinity.esc.edu.ar\/wp-content\/uploads\/2021\/12\/3-2-1-300x225.jpg\" class=\"attachment-medium size-medium\" alt=\"\" ids=\"651,652,653,654,655,656,657,658,659,660\" columns=\"5\" srcset=\"https:\/\/trinity.esc.edu.ar\/wp-content\/uploads\/2021\/12\/3-2-1-300x225.jpg 300w, https:\/\/trinity.esc.edu.ar\/wp-content\/uploads\/2021\/12\/3-2-1-768x576.jpg 768w, https:\/\/trinity.esc.edu.ar\/wp-content\/uploads\/2021\/12\/3-2-1.jpg 980w\" sizes=\"(max-width: 300px) 100vw, 300px\" \/>                                  <div class=\"overlay fill\"\n                      style=\"background-color: rgba(0,0,0,.15)\">\n                  <\/div>\n                                                              <\/div>\n              <div class=\"box-text text-left\" >\n                 <p><\/p>\n              <\/div>\n            <\/div>\n            <\/a>          <\/div>\n         <\/div><div class=\"gallery-col col\" >\n          <div class=\"col-inner\">\n            <a class=\"image-lightbox lightbox-gallery\" href=\"https:\/\/trinity.esc.edu.ar\/wp-content\/uploads\/2021\/12\/4-2.jpg\" title=\"\">            <div class=\"box has-hover gallery-box box-overlay dark\">\n              <div class=\"box-image\" >\n                <img loading=\"lazy\" decoding=\"async\" width=\"300\" height=\"225\" src=\"https:\/\/trinity.esc.edu.ar\/wp-content\/uploads\/2021\/12\/4-2-300x225.jpg\" class=\"attachment-medium size-medium\" alt=\"\" ids=\"651,652,653,654,655,656,657,658,659,660\" columns=\"5\" srcset=\"https:\/\/trinity.esc.edu.ar\/wp-content\/uploads\/2021\/12\/4-2-300x225.jpg 300w, https:\/\/trinity.esc.edu.ar\/wp-content\/uploads\/2021\/12\/4-2-768x576.jpg 768w, https:\/\/trinity.esc.edu.ar\/wp-content\/uploads\/2021\/12\/4-2.jpg 980w\" sizes=\"(max-width: 300px) 100vw, 300px\" \/>                                  <div class=\"overlay fill\"\n                      style=\"background-color: rgba(0,0,0,.15)\">\n                  <\/div>\n                                                              <\/div>\n              <div class=\"box-text text-left\" >\n                 <p><\/p>\n              <\/div>\n            <\/div>\n            <\/a>          <\/div>\n         <\/div><div class=\"gallery-col col\" >\n          <div class=\"col-inner\">\n            <a class=\"image-lightbox lightbox-gallery\" href=\"https:\/\/trinity.esc.edu.ar\/wp-content\/uploads\/2021\/12\/5-2.jpg\" title=\"\">            <div class=\"box has-hover gallery-box box-overlay dark\">\n              <div class=\"box-image\" >\n                <img loading=\"lazy\" decoding=\"async\" width=\"300\" height=\"225\" src=\"https:\/\/trinity.esc.edu.ar\/wp-content\/uploads\/2021\/12\/5-2-300x225.jpg\" class=\"attachment-medium size-medium\" alt=\"\" ids=\"651,652,653,654,655,656,657,658,659,660\" columns=\"5\" srcset=\"https:\/\/trinity.esc.edu.ar\/wp-content\/uploads\/2021\/12\/5-2-300x225.jpg 300w, https:\/\/trinity.esc.edu.ar\/wp-content\/uploads\/2021\/12\/5-2-768x576.jpg 768w, https:\/\/trinity.esc.edu.ar\/wp-content\/uploads\/2021\/12\/5-2.jpg 980w\" sizes=\"(max-width: 300px) 100vw, 300px\" \/>                                  <div class=\"overlay fill\"\n                      style=\"background-color: rgba(0,0,0,.15)\">\n                  <\/div>\n                                                              <\/div>\n              <div class=\"box-text text-left\" >\n                 <p><\/p>\n              <\/div>\n            <\/div>\n            <\/a>          <\/div>\n         <\/div><div class=\"gallery-col col\" >\n          <div class=\"col-inner\">\n            <a class=\"image-lightbox lightbox-gallery\" href=\"https:\/\/trinity.esc.edu.ar\/wp-content\/uploads\/2021\/12\/6-2.jpg\" title=\"\">            <div class=\"box has-hover gallery-box box-overlay dark\">\n              <div class=\"box-image\" >\n                <img loading=\"lazy\" decoding=\"async\" width=\"300\" height=\"225\" src=\"https:\/\/trinity.esc.edu.ar\/wp-content\/uploads\/2021\/12\/6-2-300x225.jpg\" class=\"attachment-medium size-medium\" alt=\"\" ids=\"651,652,653,654,655,656,657,658,659,660\" columns=\"5\" srcset=\"https:\/\/trinity.esc.edu.ar\/wp-content\/uploads\/2021\/12\/6-2-300x225.jpg 300w, https:\/\/trinity.esc.edu.ar\/wp-content\/uploads\/2021\/12\/6-2-768x576.jpg 768w, https:\/\/trinity.esc.edu.ar\/wp-content\/uploads\/2021\/12\/6-2.jpg 980w\" sizes=\"(max-width: 300px) 100vw, 300px\" \/>                                  <div class=\"overlay fill\"\n                      style=\"background-color: rgba(0,0,0,.15)\">\n                  <\/div>\n                                                              <\/div>\n              <div class=\"box-text text-left\" >\n                 <p><\/p>\n              <\/div>\n            <\/div>\n            <\/a>          <\/div>\n         <\/div><div class=\"gallery-col col\" >\n          <div class=\"col-inner\">\n            <a class=\"image-lightbox lightbox-gallery\" href=\"https:\/\/trinity.esc.edu.ar\/wp-content\/uploads\/2021\/12\/7-2.jpg\" title=\"\">            <div class=\"box has-hover gallery-box box-overlay dark\">\n              <div class=\"box-image\" >\n                <img loading=\"lazy\" decoding=\"async\" width=\"300\" height=\"225\" src=\"https:\/\/trinity.esc.edu.ar\/wp-content\/uploads\/2021\/12\/7-2-300x225.jpg\" class=\"attachment-medium size-medium\" alt=\"\" ids=\"651,652,653,654,655,656,657,658,659,660\" columns=\"5\" srcset=\"https:\/\/trinity.esc.edu.ar\/wp-content\/uploads\/2021\/12\/7-2-300x225.jpg 300w, https:\/\/trinity.esc.edu.ar\/wp-content\/uploads\/2021\/12\/7-2-768x576.jpg 768w, https:\/\/trinity.esc.edu.ar\/wp-content\/uploads\/2021\/12\/7-2.jpg 980w\" sizes=\"(max-width: 300px) 100vw, 300px\" \/>                                  <div class=\"overlay fill\"\n                      style=\"background-color: rgba(0,0,0,.15)\">\n                  <\/div>\n                                                              <\/div>\n              <div class=\"box-text text-left\" >\n                 <p><\/p>\n              <\/div>\n            <\/div>\n            <\/a>          <\/div>\n         <\/div><div class=\"gallery-col col\" >\n          <div class=\"col-inner\">\n            <a class=\"image-lightbox lightbox-gallery\" href=\"https:\/\/trinity.esc.edu.ar\/wp-content\/uploads\/2021\/12\/8-2.jpg\" title=\"\">            <div class=\"box has-hover gallery-box box-overlay dark\">\n              <div class=\"box-image\" >\n                <img loading=\"lazy\" decoding=\"async\" width=\"300\" height=\"225\" src=\"https:\/\/trinity.esc.edu.ar\/wp-content\/uploads\/2021\/12\/8-2-300x225.jpg\" class=\"attachment-medium size-medium\" alt=\"\" ids=\"651,652,653,654,655,656,657,658,659,660\" columns=\"5\" srcset=\"https:\/\/trinity.esc.edu.ar\/wp-content\/uploads\/2021\/12\/8-2-300x225.jpg 300w, https:\/\/trinity.esc.edu.ar\/wp-content\/uploads\/2021\/12\/8-2-768x576.jpg 768w, https:\/\/trinity.esc.edu.ar\/wp-content\/uploads\/2021\/12\/8-2.jpg 980w\" sizes=\"(max-width: 300px) 100vw, 300px\" \/>                                  <div class=\"overlay fill\"\n                      style=\"background-color: rgba(0,0,0,.15)\">\n                  <\/div>\n                                                              <\/div>\n              <div class=\"box-text text-left\" >\n                 <p><\/p>\n              <\/div>\n            <\/div>\n            <\/a>          <\/div>\n         <\/div><div class=\"gallery-col col\" >\n          <div class=\"col-inner\">\n            <a class=\"image-lightbox lightbox-gallery\" href=\"https:\/\/trinity.esc.edu.ar\/wp-content\/uploads\/2021\/12\/9-1.jpg\" title=\"\">            <div class=\"box has-hover gallery-box box-overlay dark\">\n              <div class=\"box-image\" >\n                <img loading=\"lazy\" decoding=\"async\" width=\"300\" height=\"225\" src=\"https:\/\/trinity.esc.edu.ar\/wp-content\/uploads\/2021\/12\/9-1-300x225.jpg\" class=\"attachment-medium size-medium\" alt=\"\" ids=\"651,652,653,654,655,656,657,658,659,660\" columns=\"5\" srcset=\"https:\/\/trinity.esc.edu.ar\/wp-content\/uploads\/2021\/12\/9-1-300x225.jpg 300w, https:\/\/trinity.esc.edu.ar\/wp-content\/uploads\/2021\/12\/9-1-768x576.jpg 768w, https:\/\/trinity.esc.edu.ar\/wp-content\/uploads\/2021\/12\/9-1.jpg 980w\" sizes=\"(max-width: 300px) 100vw, 300px\" \/>                                  <div class=\"overlay fill\"\n                      style=\"background-color: rgba(0,0,0,.15)\">\n                  <\/div>\n                                                              <\/div>\n              <div class=\"box-text text-left\" >\n                 <p><\/p>\n              <\/div>\n            <\/div>\n            <\/a>          <\/div>\n         <\/div><div class=\"gallery-col col\" >\n          <div class=\"col-inner\">\n            <a class=\"image-lightbox lightbox-gallery\" href=\"https:\/\/trinity.esc.edu.ar\/wp-content\/uploads\/2021\/12\/10-1.jpg\" title=\"\">            <div class=\"box has-hover gallery-box box-overlay dark\">\n              <div class=\"box-image\" >\n                <img loading=\"lazy\" decoding=\"async\" width=\"300\" height=\"225\" src=\"https:\/\/trinity.esc.edu.ar\/wp-content\/uploads\/2021\/12\/10-1-300x225.jpg\" class=\"attachment-medium size-medium\" alt=\"\" ids=\"651,652,653,654,655,656,657,658,659,660\" columns=\"5\" srcset=\"https:\/\/trinity.esc.edu.ar\/wp-content\/uploads\/2021\/12\/10-1-300x225.jpg 300w, https:\/\/trinity.esc.edu.ar\/wp-content\/uploads\/2021\/12\/10-1-768x576.jpg 768w, https:\/\/trinity.esc.edu.ar\/wp-content\/uploads\/2021\/12\/10-1.jpg 980w\" sizes=\"(max-width: 300px) 100vw, 300px\" \/>                                  <div class=\"overlay fill\"\n                      style=\"background-color: rgba(0,0,0,.15)\">\n                  <\/div>\n                                                              <\/div>\n              <div class=\"box-text text-left\" >\n                 <p><\/p>\n              <\/div>\n            <\/div>\n            <\/a>          <\/div>\n         <\/div><\/div>","protected":false},"excerpt":{"rendered":"<p>\u201cT\u00fa debes ser el cambio que deseas ver en el mundo\u201d Mahatma Gandhi CAS est\u00e1 ubicado en el coraz\u00f3n del Programa de Diploma del IB. Es uno de los tres elementos esenciales de este programa y constituye un componente important\u00edsimo en el curr\u00edculo escolar de los 5tos y 6tos A\u00f1os. Involucra a los alumnos en [&#8230;]\n","protected":false},"author":1,"featured_media":0,"parent":0,"menu_order":0,"comment_status":"closed","ping_status":"closed","template":"","meta":{"footnotes":""},"class_list":["post-647","page","type-page","status-publish","hentry"],"yoast_head":"<!-- This site is optimized with the Yoast SEO plugin v27.3 - https:\/\/yoast.com\/product\/yoast-seo-wordpress\/ -->\n<title>Creatividad Accion y Servicio - Holy Trinity College | Colegio Biling\u00fce en Mar del Plata<\/title>\n<meta name=\"robots\" content=\"index, follow, max-snippet:-1, max-image-preview:large, max-video-preview:-1\" \/>\n<link rel=\"canonical\" href=\"https:\/\/trinity.esc.edu.ar\/en\/creatividad-accion-y-servicio\/\" \/>\n<meta property=\"og:locale\" content=\"en_US\" \/>\n<meta property=\"og:type\" content=\"article\" \/>\n<meta property=\"og:title\" content=\"Creatividad Accion y Servicio - Holy Trinity College | Colegio Biling\u00fce en Mar del Plata\" \/>\n<meta property=\"og:description\" content=\"\u201cT\u00fa debes ser el cambio que deseas ver en el mundo\u201d Mahatma Gandhi CAS est\u00e1 ubicado en el coraz\u00f3n del Programa de Diploma del IB. Es uno de los tres elementos esenciales de este programa y constituye un componente important\u00edsimo en el curr\u00edculo escolar de los 5tos y 6tos A\u00f1os. Involucra a los alumnos en [...]\" \/>\n<meta property=\"og:url\" content=\"https:\/\/trinity.esc.edu.ar\/en\/creatividad-accion-y-servicio\/\" \/>\n<meta property=\"og:site_name\" content=\"Holy Trinity College | Colegio Biling\u00fce en Mar del Plata\" \/>\n<meta property=\"article:modified_time\" content=\"2024-08-28T13:12:51+00:00\" \/>\n<meta name=\"twitter:card\" content=\"summary_large_image\" \/>\n<meta name=\"twitter:label1\" content=\"Est. reading time\" \/>\n\t<meta name=\"twitter:data1\" content=\"3 minutes\" \/>\n<script type=\"application\/ld+json\" class=\"yoast-schema-graph\">{\"@context\":\"https:\\\/\\\/schema.org\",\"@graph\":[{\"@type\":\"WebPage\",\"@id\":\"https:\\\/\\\/trinity.esc.edu.ar\\\/en\\\/creatividad-accion-y-servicio\\\/\",\"url\":\"https:\\\/\\\/trinity.esc.edu.ar\\\/en\\\/creatividad-accion-y-servicio\\\/\",\"name\":\"Creatividad Accion y Servicio - Holy Trinity College | Colegio Biling\u00fce en Mar del Plata\",\"isPartOf\":{\"@id\":\"https:\\\/\\\/trinity.esc.edu.ar\\\/#website\"},\"datePublished\":\"2021-12-06T19:53:58+00:00\",\"dateModified\":\"2024-08-28T13:12:51+00:00\",\"breadcrumb\":{\"@id\":\"https:\\\/\\\/trinity.esc.edu.ar\\\/en\\\/creatividad-accion-y-servicio\\\/#breadcrumb\"},\"inLanguage\":\"en-US\",\"potentialAction\":[{\"@type\":\"ReadAction\",\"target\":[\"https:\\\/\\\/trinity.esc.edu.ar\\\/en\\\/creatividad-accion-y-servicio\\\/\"]}]},{\"@type\":\"BreadcrumbList\",\"@id\":\"https:\\\/\\\/trinity.esc.edu.ar\\\/en\\\/creatividad-accion-y-servicio\\\/#breadcrumb\",\"itemListElement\":[{\"@type\":\"ListItem\",\"position\":1,\"name\":\"Home\",\"item\":\"https:\\\/\\\/trinity.esc.edu.ar\\\/\"},{\"@type\":\"ListItem\",\"position\":2,\"name\":\"Creatividad Accion y Servicio\"}]},{\"@type\":\"WebSite\",\"@id\":\"https:\\\/\\\/trinity.esc.edu.ar\\\/#website\",\"url\":\"https:\\\/\\\/trinity.esc.edu.ar\\\/\",\"name\":\"Holy Trinity College | Colegio Biling\u00fce en Mar del Plata\",\"description\":\"Educaci\u00f3n biling\u00fce cat\u00f3lica en Mar del Plata. Jard\u00edn, Primaria y Secundario con formaci\u00f3n acad\u00e9mica, deportiva y valores para la vida.\",\"publisher\":{\"@id\":\"https:\\\/\\\/trinity.esc.edu.ar\\\/#organization\"},\"potentialAction\":[{\"@type\":\"SearchAction\",\"target\":{\"@type\":\"EntryPoint\",\"urlTemplate\":\"https:\\\/\\\/trinity.esc.edu.ar\\\/?s={search_term_string}\"},\"query-input\":{\"@type\":\"PropertyValueSpecification\",\"valueRequired\":true,\"valueName\":\"search_term_string\"}}],\"inLanguage\":\"en-US\"},{\"@type\":\"Organization\",\"@id\":\"https:\\\/\\\/trinity.esc.edu.ar\\\/#organization\",\"name\":\"Holy Trinity College | Colegio Biling\u00fce en Mar del Plata\",\"url\":\"https:\\\/\\\/trinity.esc.edu.ar\\\/\",\"logo\":{\"@type\":\"ImageObject\",\"inLanguage\":\"en-US\",\"@id\":\"https:\\\/\\\/trinity.esc.edu.ar\\\/#\\\/schema\\\/logo\\\/image\\\/\",\"url\":\"https:\\\/\\\/trinity.esc.edu.ar\\\/wp-content\\\/uploads\\\/2021\\\/08\\\/logo.png\",\"contentUrl\":\"https:\\\/\\\/trinity.esc.edu.ar\\\/wp-content\\\/uploads\\\/2021\\\/08\\\/logo.png\",\"width\":385,\"height\":100,\"caption\":\"Holy Trinity College | Colegio Biling\u00fce en Mar del Plata\"},\"image\":{\"@id\":\"https:\\\/\\\/trinity.esc.edu.ar\\\/#\\\/schema\\\/logo\\\/image\\\/\"}}]}<\/script>\n<!-- \/ Yoast SEO plugin. -->","yoast_head_json":{"title":"Creativity, Action and Service - Holy Trinity College | Bilingual School in Mar del Plata","robots":{"index":"index","follow":"follow","max-snippet":"max-snippet:-1","max-image-preview":"max-image-preview:large","max-video-preview":"max-video-preview:-1"},"canonical":"https:\/\/trinity.esc.edu.ar\/en\/creatividad-accion-y-servicio\/","og_locale":"en_US","og_type":"article","og_title":"Creatividad Accion y Servicio - Holy Trinity College | Colegio Biling\u00fce en Mar del Plata","og_description":"\u201cT\u00fa debes ser el cambio que deseas ver en el mundo\u201d Mahatma Gandhi CAS est\u00e1 ubicado en el coraz\u00f3n del Programa de Diploma del IB. Es uno de los tres elementos esenciales de este programa y constituye un componente important\u00edsimo en el curr\u00edculo escolar de los 5tos y 6tos A\u00f1os. Involucra a los alumnos en [...]","og_url":"https:\/\/trinity.esc.edu.ar\/en\/creatividad-accion-y-servicio\/","og_site_name":"Holy Trinity College | Colegio Biling\u00fce en Mar del Plata","article_modified_time":"2024-08-28T13:12:51+00:00","twitter_card":"summary_large_image","twitter_misc":{"Est. reading time":"3 minutes"},"schema":{"@context":"https:\/\/schema.org","@graph":[{"@type":"WebPage","@id":"https:\/\/trinity.esc.edu.ar\/en\/creatividad-accion-y-servicio\/","url":"https:\/\/trinity.esc.edu.ar\/en\/creatividad-accion-y-servicio\/","name":"Creativity, Action and Service - Holy Trinity College | Bilingual School in Mar del Plata","isPartOf":{"@id":"https:\/\/trinity.esc.edu.ar\/#website"},"datePublished":"2021-12-06T19:53:58+00:00","dateModified":"2024-08-28T13:12:51+00:00","breadcrumb":{"@id":"https:\/\/trinity.esc.edu.ar\/en\/creatividad-accion-y-servicio\/#breadcrumb"},"inLanguage":"en-US","potentialAction":[{"@type":"ReadAction","target":["https:\/\/trinity.esc.edu.ar\/en\/creatividad-accion-y-servicio\/"]}]},{"@type":"BreadcrumbList","@id":"https:\/\/trinity.esc.edu.ar\/en\/creatividad-accion-y-servicio\/#breadcrumb","itemListElement":[{"@type":"ListItem","position":1,"name":"Home","item":"https:\/\/trinity.esc.edu.ar\/"},{"@type":"ListItem","position":2,"name":"Creatividad Accion y Servicio"}]},{"@type":"WebSite","@id":"https:\/\/trinity.esc.edu.ar\/#website","url":"https:\/\/trinity.esc.edu.ar\/","name":"Holy Trinity College | Bilingual School in Mar del Plata","description":"Bilingual Catholic education in Mar del Plata. Kindergarten, Primary and Secondary with academic, sports and values training for life.","publisher":{"@id":"https:\/\/trinity.esc.edu.ar\/#organization"},"potentialAction":[{"@type":"SearchAction","target":{"@type":"EntryPoint","urlTemplate":"https:\/\/trinity.esc.edu.ar\/?s={search_term_string}"},"query-input":{"@type":"PropertyValueSpecification","valueRequired":true,"valueName":"search_term_string"}}],"inLanguage":"en-US"},{"@type":"Organization","@id":"https:\/\/trinity.esc.edu.ar\/#organization","name":"Holy Trinity College | Bilingual School in Mar del Plata","url":"https:\/\/trinity.esc.edu.ar\/","logo":{"@type":"ImageObject","inLanguage":"en-US","@id":"https:\/\/trinity.esc.edu.ar\/#\/schema\/logo\/image\/","url":"https:\/\/trinity.esc.edu.ar\/wp-content\/uploads\/2021\/08\/logo.png","contentUrl":"https:\/\/trinity.esc.edu.ar\/wp-content\/uploads\/2021\/08\/logo.png","width":385,"height":100,"caption":"Holy Trinity College | Colegio Biling\u00fce en Mar del Plata"},"image":{"@id":"https:\/\/trinity.esc.edu.ar\/#\/schema\/logo\/image\/"}}]}},"_links":{"self":[{"href":"https:\/\/trinity.esc.edu.ar\/en\/wp-json\/wp\/v2\/pages\/647","targetHints":{"allow":["GET"]}}],"collection":[{"href":"https:\/\/trinity.esc.edu.ar\/en\/wp-json\/wp\/v2\/pages"}],"about":[{"href":"https:\/\/trinity.esc.edu.ar\/en\/wp-json\/wp\/v2\/types\/page"}],"author":[{"embeddable":true,"href":"https:\/\/trinity.esc.edu.ar\/en\/wp-json\/wp\/v2\/users\/1"}],"replies":[{"embeddable":true,"href":"https:\/\/trinity.esc.edu.ar\/en\/wp-json\/wp\/v2\/comments?post=647"}],"version-history":[{"count":0,"href":"https:\/\/trinity.esc.edu.ar\/en\/wp-json\/wp\/v2\/pages\/647\/revisions"}],"wp:attachment":[{"href":"https:\/\/trinity.esc.edu.ar\/en\/wp-json\/wp\/v2\/media?parent=647"}],"curies":[{"name":"wp","href":"https:\/\/api.w.org\/{rel}","templated":true}]}}