{"id":554,"date":"2021-12-06T15:33:54","date_gmt":"2021-12-06T18:33:54","guid":{"rendered":"http:\/\/nuevo.trinity.esc.edu.ar\/?page_id=554"},"modified":"2021-12-06T15:41:08","modified_gmt":"2021-12-06T18:41:08","slug":"formacion-religiosa","status":"publish","type":"page","link":"https:\/\/trinity.esc.edu.ar\/en\/formacion-religiosa\/","title":{"rendered":"Religious education"},"content":{"rendered":"<div class=\"container section-title-container\" ><h2 class=\"section-title section-title-center\"><b aria-hidden=\"true\"><\/b><span class=\"section-title-main\" >RELIGIOUS EDUCATION<\/span><b aria-hidden=\"true\"><\/b><\/h2><\/div>\n<div class=\"row\"  id=\"row-1153010289\">\n\n\t<div id=\"col-275898558\" class=\"col small-12 large-12\"  >\n\t\t\t\t<div class=\"col-inner\"  >\n\t\t\t\n\t\t\t\n<p>Since 1989 \u2013 when the activities of the Kindergarten began, with the purpose of giving life to a Bilingual School \u2013 religious formation was provided and the spirituality of Schoenstatt was embraced. Since then, the College has been entrusted to Our Lady of Schoenstatt and follows the guidelines of the Movement in the formation of its students.<\/p>\n<p>With the advice of Father Horacio Sosa Carb\u00f3 \u2013 who regularly attended to offer his Encounters, and the pedagogical advice of Isabel Mujica, through her valuable Workshops for Parents and Teachers-, the School grew within the Pedagogy of the Movement.<\/p>\n<p>In 1990, Monsignor R\u00f3mulo Garc\u00eda blessed the definitive headquarters of Holy Trinity College in &quot;Villa Alzaga&quot;, officially declaring it a member of the JUREC and Catholic College of the Diocese of Mar del Plata.<\/p>\n<h3>INSTITUTIONAL OBJECTIVES:<\/h3>\n<p>\u2022 Educate children and youth according to the teachings of the Catholic Church.<br \/>\u2022 Stimulate the development of your personal mission.<br \/>\u2022 Promote their inclusion as an active member in the mission of the Church.<\/p>\n<p>For this, it incorporates the development of Catechesis into its Institutional Curriculum, from an early age, with a Team of catechists according to age and academic levels.<br \/>Within the framework of its Catholic formation, Holy Trinity College -as an International School- aspires that its students demonstrate tolerance and acceptance of differences, understanding that the integration of other cultures and religions enriches us.<\/p>\n<h3>SOLIDARITY ACTIVITIES<\/h3>\n<p>Solidarity action is the central axis of all community action activities and is understood as an attitude of life<br \/>Parents, teachers and children commit themselves in different spheres to carry out actions that lead to forming caring and responsible young people.<br \/>Through the CAS Program (Creativity, Action and Service) Polimodal students discover that the greatest gratification is found in giving and serving others.<\/p>\n<h3>MODALITY OF CATECHESIS<br \/>Characteristics: Christocentric and Trinitarian.<\/h3>\n<p>Through Mary to reach Jesus and through Him to God One and Triune.<br \/>It takes into account three dimensions:<br \/><b>reflective dimension:<\/b>\u00a0presentation of the elements that make up the Christian mystery for your knowledge based on the guidelines given by the Argentine Episcopal Conference, through its programming for Catechesis.<br \/><b>Experiential and committed dimension:<\/b>\u00a0achieve a lively and participated liturgical facet, expression of personal and community faith, be it prayers or sacramental celebrations. Make the oratory a place of recollection and prayer.<br \/>Catechesis tends to be capable of vitally expressing the permanent values of life in the light of the Gospel.<br \/>Through his teachings, lead the boys to the maturation of the faith, which is the appropriate means to resolve situations of behavior or discipline of the catechized, in collaboration with the rest of the teachers.<br \/><b>Service dimension:<\/b>\u00a0By such is meant the catechesis that vitally expresses the values of the Kingdom of Christ in daily life, that walks and prepares a cultural and social change, that achieves just and true options, that applies the evangelical examples in the community to which it belongs.<br \/><b>Chaplain:<\/b>\u00a0P. Ariel Sueyro.<\/p>\n<h3>Catechism meetings: Weekly classes in all courses within school hours.<\/h3>\n<p>The Consecration Prayer is prayed daily before beginning classroom activities.<br \/><b>Sacraments:<\/b>\u00a0the 4th Year students perform the 1st Reconciliation and receive the 1st Communion, for this they prepare from the 3rd Year in which they attend a day of Celebration of the word of God and receive the Bible. Weekly the boys meet in a home to pray the community Rosary.<br \/>Arriving at the 9th Year, the students live a moment of reaffirmation of their commitment to faith and prepare especially for Confirmation, coinciding with the celebration of the School&#039;s Patron Saint Festivities.<br \/>These sacraments are received at Masses celebrated in the Parish of Ntra Se\u00f1ora del Carmen, with Confirmations given by our Bishop Monsignor Juan Alberto Pu\u00edggari.<br \/><b>Confessions:<\/b>\u00a0During the week, all students from the 4th year can go to confession with the Chaplain of the P. Ariel Sueyro School.<br \/><b>Celebrations:<\/b>\u00a0Mass for the initiation of the school year, Mass on the first Friday of each month, mass for the reunion of ex-students, mass for the end of the school year, and\/or any other special event for institutional, local or national reasons.<br \/><b>Mass Choir:<\/b>\u00a0It is made up of catechists, students of higher courses and ex-students.<br \/><b>Celebration of the love of Mary:<\/b>\u00a0In the 6th year, the boys receive the Scapular of Ntra Se\u00f1ora del Carmen, patron saint of the Parish.<br \/><b>Way of the Cross:<\/b>\u00a0During Holy Week, students and catechist teachers prepare the Via Crucis through the streets surrounding the School, actively participating in its conduct, accompanied by relatives and neighbors.<br \/><b>Gatherings and visits to the Sanctuary:<\/b>\u00a0they take place in the Schoenstatt Shrine of Camet and are addressed to students of the upper classes on dates to be designated, coordinated by their catechists and specially invited priests.<br \/>The visits are carried out at least once a year by all the primary level courses.<br \/>The students also make a visit to the Lourdes Grotto.<br \/><b>Withdrawals:<\/b>\u00a0for the preparation of the 1st Communion and Confirmation.<br \/><b>Hermitage:<\/b>\u00a0erected in honor of the Blessed Mother Thrice Admirable, it is located in the garden of the College, as a replica of the Schoenstatt Shrines, and a place for prayer and petitions.<br \/><b>Spirituality meetings:<\/b>\u00a0Throughout the school year, talks are held for parents, students, teachers and the community, on topics of interest, given by priests or catechists.<br \/><b>Pilgrim Virgin:<\/b>\u00a0daily the students take turns and\/or for special reasons take home the image of the Pilgrim Virgin, to share their visit with the families.<br \/><b>Pilgrimages:<\/b>\u00a0Every year the educational community attends the Patron Saint Festivities of the New Beaches Sanctuary located in Camet, participating in the pilgrimage.<br \/><b>National Pedagogical Day of the Schoenstatt Movement:<\/b>\u00a0staff from the catechism department, directors and teachers attend it annually.<\/p>\n<h3>SOLIDARITY ACTIVITIES<\/h3>\n<p>The entire educational community is committed to activities in favor of those most in need. Catechists, teachers, students and families carry out actions of various kinds and aimed at those sectors that require their contribution.<br \/>The proposal is essentially pedagogical: to train, through the transmission of values, in solidarity, detachment, understanding, respect and the responsibility that we have towards our brothers.<\/p>\n<p><b>Methodology:<\/b>\u00a0From the Department of Catechesis they organize, guide and encourage weekly campaigns for the provision of food, clothing, footwear, school supplies, etc. earmarked for the support of Casa Mar\u00eda Reina.<br \/>This campaign is oriented towards the contribution of toys on the occasion of celebrating Children&#039;s Day.<br \/>Annually participates in the National Caritas Collection.<br \/>The Polymodal Level students carry out CAS activities - Creativity, Action and Service - and for this they attend weekly accompanied by teachers and catechists to different centers - Kindergartens, Homes for the Elderly - C\u00e1ritas - according to demand, in which they carry out activities such as painting, gardening, reading to grandparents, school support, celebrating birthdays, etc. Simultaneously, they organize campaigns inside and outside the School to obtain donations of basic necessities such as clothing and food, which they later deliver during their weekly visit.<br \/>Helped by their teachers, the 1st Year students prepare gifts for the children admitted to the Maternal and Child Hospital, for the Christmas holidays.<br \/><b>Study trips:<\/b>\u00a0the 7th Year groups that travel to the Iguaz\u00fa Falls bring their contribution to the Perut\u00ed Aboriginal Village year after year.<\/p>\n<h3>The purpose of our MARIAN EDUCATION is:<\/h3>\n<p>\u201cAs children of God and members of Christ, acquire the ability and availability to shape a personal style of life and Marian work, which emanates from a deep bond with Mary\u201d<br \/><b>Father Joseph Kentenich<\/b><\/p>\n\n  \n    <div class=\"row large-columns-2 medium-columns- small-columns-\" >\n  <div class=\"gallery-col col\" >\n          <div class=\"col-inner\">\n            <a class=\"image-lightbox lightbox-gallery\" href=\"https:\/\/trinity.esc.edu.ar\/wp-content\/uploads\/2021\/12\/WhatsApp-Image-2021-12-03-at-10.11.20-2.jpeg\" title=\"\">            <div class=\"box has-hover gallery-box box-overlay dark\">\n              <div class=\"box-image\" >\n                <img fetchpriority=\"high\" decoding=\"async\" width=\"768\" height=\"1024\" src=\"https:\/\/trinity.esc.edu.ar\/wp-content\/uploads\/2021\/12\/WhatsApp-Image-2021-12-03-at-10.11.20-2.jpeg\" class=\"attachment-original size-original\" alt=\"\" ids=\"562,561\" columns=\"2\" image_size=\"original\" srcset=\"https:\/\/trinity.esc.edu.ar\/wp-content\/uploads\/2021\/12\/WhatsApp-Image-2021-12-03-at-10.11.20-2.jpeg 768w, https:\/\/trinity.esc.edu.ar\/wp-content\/uploads\/2021\/12\/WhatsApp-Image-2021-12-03-at-10.11.20-2-225x300.jpeg 225w\" sizes=\"(max-width: 768px) 100vw, 768px\" \/>                                  <div class=\"overlay fill\"\n                      style=\"background-color: rgba(0,0,0,.15)\">\n                  <\/div>\n                                                              <\/div>\n              <div class=\"box-text text-left\" >\n                 <p><\/p>\n              <\/div>\n            <\/div>\n            <\/a>          <\/div>\n         <\/div><div class=\"gallery-col col\" >\n          <div class=\"col-inner\">\n            <a class=\"image-lightbox lightbox-gallery\" href=\"https:\/\/trinity.esc.edu.ar\/wp-content\/uploads\/2021\/12\/WhatsApp-Image-2021-12-03-at-10.11.19-16.jpeg\" title=\"\">            <div class=\"box has-hover gallery-box box-overlay dark\">\n              <div class=\"box-image\" >\n                <img decoding=\"async\" width=\"768\" height=\"1024\" src=\"https:\/\/trinity.esc.edu.ar\/wp-content\/uploads\/2021\/12\/WhatsApp-Image-2021-12-03-at-10.11.19-16.jpeg\" class=\"attachment-original size-original\" alt=\"\" ids=\"562,561\" columns=\"2\" image_size=\"original\" srcset=\"https:\/\/trinity.esc.edu.ar\/wp-content\/uploads\/2021\/12\/WhatsApp-Image-2021-12-03-at-10.11.19-16.jpeg 768w, https:\/\/trinity.esc.edu.ar\/wp-content\/uploads\/2021\/12\/WhatsApp-Image-2021-12-03-at-10.11.19-16-225x300.jpeg 225w\" sizes=\"(max-width: 768px) 100vw, 768px\" \/>                                  <div class=\"overlay fill\"\n                      style=\"background-color: rgba(0,0,0,.15)\">\n                  <\/div>\n                                                              <\/div>\n              <div class=\"box-text text-left\" >\n                 <p><\/p>\n              <\/div>\n            <\/div>\n            <\/a>          <\/div>\n         <\/div><\/div>\n\t\t<\/div>\n\t\t\t\t\t<\/div>\n\n\t\n<\/div>","protected":false},"excerpt":{"rendered":"","protected":false},"author":1,"featured_media":0,"parent":0,"menu_order":0,"comment_status":"closed","ping_status":"closed","template":"","meta":{"footnotes":""},"class_list":["post-554","page","type-page","status-publish","hentry"],"yoast_head":"<!-- This site is optimized with the Yoast SEO plugin v27.3 - https:\/\/yoast.com\/product\/yoast-seo-wordpress\/ -->\n<title>Formacion Religiosa - Holy Trinity College | Colegio Biling\u00fce en Mar del Plata<\/title>\n<meta name=\"robots\" content=\"index, follow, max-snippet:-1, max-image-preview:large, max-video-preview:-1\" \/>\n<link rel=\"canonical\" href=\"https:\/\/trinity.esc.edu.ar\/en\/formacion-religiosa\/\" \/>\n<meta property=\"og:locale\" content=\"en_US\" \/>\n<meta property=\"og:type\" content=\"article\" \/>\n<meta property=\"og:title\" content=\"Formacion Religiosa - Holy Trinity College | Colegio Biling\u00fce en Mar del Plata\" \/>\n<meta property=\"og:url\" content=\"https:\/\/trinity.esc.edu.ar\/en\/formacion-religiosa\/\" \/>\n<meta property=\"og:site_name\" content=\"Holy Trinity College | Colegio Biling\u00fce en Mar del Plata\" \/>\n<meta property=\"article:modified_time\" content=\"2021-12-06T18:41:08+00:00\" \/>\n<meta name=\"twitter:card\" content=\"summary_large_image\" \/>\n<meta name=\"twitter:label1\" content=\"Est. reading time\" \/>\n\t<meta name=\"twitter:data1\" content=\"7 minutes\" \/>\n<script type=\"application\/ld+json\" class=\"yoast-schema-graph\">{\"@context\":\"https:\\\/\\\/schema.org\",\"@graph\":[{\"@type\":\"WebPage\",\"@id\":\"https:\\\/\\\/trinity.esc.edu.ar\\\/formacion-religiosa\\\/\",\"url\":\"https:\\\/\\\/trinity.esc.edu.ar\\\/formacion-religiosa\\\/\",\"name\":\"Formacion Religiosa - Holy Trinity College | Colegio Biling\u00fce en Mar del Plata\",\"isPartOf\":{\"@id\":\"https:\\\/\\\/trinity.esc.edu.ar\\\/#website\"},\"datePublished\":\"2021-12-06T18:33:54+00:00\",\"dateModified\":\"2021-12-06T18:41:08+00:00\",\"breadcrumb\":{\"@id\":\"https:\\\/\\\/trinity.esc.edu.ar\\\/formacion-religiosa\\\/#breadcrumb\"},\"inLanguage\":\"en-US\",\"potentialAction\":[{\"@type\":\"ReadAction\",\"target\":[\"https:\\\/\\\/trinity.esc.edu.ar\\\/formacion-religiosa\\\/\"]}]},{\"@type\":\"BreadcrumbList\",\"@id\":\"https:\\\/\\\/trinity.esc.edu.ar\\\/formacion-religiosa\\\/#breadcrumb\",\"itemListElement\":[{\"@type\":\"ListItem\",\"position\":1,\"name\":\"Home\",\"item\":\"https:\\\/\\\/trinity.esc.edu.ar\\\/\"},{\"@type\":\"ListItem\",\"position\":2,\"name\":\"Formacion Religiosa\"}]},{\"@type\":\"WebSite\",\"@id\":\"https:\\\/\\\/trinity.esc.edu.ar\\\/#website\",\"url\":\"https:\\\/\\\/trinity.esc.edu.ar\\\/\",\"name\":\"Holy Trinity College | Colegio Biling\u00fce en Mar del Plata\",\"description\":\"Educaci\u00f3n biling\u00fce cat\u00f3lica en Mar del Plata. Jard\u00edn, Primaria y Secundario con formaci\u00f3n acad\u00e9mica, deportiva y valores para la vida.\",\"publisher\":{\"@id\":\"https:\\\/\\\/trinity.esc.edu.ar\\\/#organization\"},\"potentialAction\":[{\"@type\":\"SearchAction\",\"target\":{\"@type\":\"EntryPoint\",\"urlTemplate\":\"https:\\\/\\\/trinity.esc.edu.ar\\\/?s={search_term_string}\"},\"query-input\":{\"@type\":\"PropertyValueSpecification\",\"valueRequired\":true,\"valueName\":\"search_term_string\"}}],\"inLanguage\":\"en-US\"},{\"@type\":\"Organization\",\"@id\":\"https:\\\/\\\/trinity.esc.edu.ar\\\/#organization\",\"name\":\"Holy Trinity College | Colegio Biling\u00fce en Mar del Plata\",\"url\":\"https:\\\/\\\/trinity.esc.edu.ar\\\/\",\"logo\":{\"@type\":\"ImageObject\",\"inLanguage\":\"en-US\",\"@id\":\"https:\\\/\\\/trinity.esc.edu.ar\\\/#\\\/schema\\\/logo\\\/image\\\/\",\"url\":\"https:\\\/\\\/trinity.esc.edu.ar\\\/wp-content\\\/uploads\\\/2021\\\/08\\\/logo.png\",\"contentUrl\":\"https:\\\/\\\/trinity.esc.edu.ar\\\/wp-content\\\/uploads\\\/2021\\\/08\\\/logo.png\",\"width\":385,\"height\":100,\"caption\":\"Holy Trinity College | Colegio Biling\u00fce en Mar del Plata\"},\"image\":{\"@id\":\"https:\\\/\\\/trinity.esc.edu.ar\\\/#\\\/schema\\\/logo\\\/image\\\/\"}}]}<\/script>\n<!-- \/ Yoast SEO plugin. -->","yoast_head_json":{"title":"Religious Education - Holy Trinity College | Bilingual School in Mar del Plata","robots":{"index":"index","follow":"follow","max-snippet":"max-snippet:-1","max-image-preview":"max-image-preview:large","max-video-preview":"max-video-preview:-1"},"canonical":"https:\/\/trinity.esc.edu.ar\/en\/formacion-religiosa\/","og_locale":"en_US","og_type":"article","og_title":"Formacion Religiosa - Holy Trinity College | Colegio Biling\u00fce en Mar del Plata","og_url":"https:\/\/trinity.esc.edu.ar\/en\/formacion-religiosa\/","og_site_name":"Holy Trinity College | Colegio Biling\u00fce en Mar del Plata","article_modified_time":"2021-12-06T18:41:08+00:00","twitter_card":"summary_large_image","twitter_misc":{"Est. reading time":"7 minutes"},"schema":{"@context":"https:\/\/schema.org","@graph":[{"@type":"WebPage","@id":"https:\/\/trinity.esc.edu.ar\/formacion-religiosa\/","url":"https:\/\/trinity.esc.edu.ar\/formacion-religiosa\/","name":"Religious Education - Holy Trinity College | Bilingual School in Mar del Plata","isPartOf":{"@id":"https:\/\/trinity.esc.edu.ar\/#website"},"datePublished":"2021-12-06T18:33:54+00:00","dateModified":"2021-12-06T18:41:08+00:00","breadcrumb":{"@id":"https:\/\/trinity.esc.edu.ar\/formacion-religiosa\/#breadcrumb"},"inLanguage":"en-US","potentialAction":[{"@type":"ReadAction","target":["https:\/\/trinity.esc.edu.ar\/formacion-religiosa\/"]}]},{"@type":"BreadcrumbList","@id":"https:\/\/trinity.esc.edu.ar\/formacion-religiosa\/#breadcrumb","itemListElement":[{"@type":"ListItem","position":1,"name":"Home","item":"https:\/\/trinity.esc.edu.ar\/"},{"@type":"ListItem","position":2,"name":"Formacion Religiosa"}]},{"@type":"WebSite","@id":"https:\/\/trinity.esc.edu.ar\/#website","url":"https:\/\/trinity.esc.edu.ar\/","name":"Holy Trinity College | Bilingual School in Mar del Plata","description":"Bilingual Catholic education in Mar del Plata. Kindergarten, Primary and Secondary with academic, sports and values training for life.","publisher":{"@id":"https:\/\/trinity.esc.edu.ar\/#organization"},"potentialAction":[{"@type":"SearchAction","target":{"@type":"EntryPoint","urlTemplate":"https:\/\/trinity.esc.edu.ar\/?s={search_term_string}"},"query-input":{"@type":"PropertyValueSpecification","valueRequired":true,"valueName":"search_term_string"}}],"inLanguage":"en-US"},{"@type":"Organization","@id":"https:\/\/trinity.esc.edu.ar\/#organization","name":"Holy Trinity College | Bilingual School in Mar del Plata","url":"https:\/\/trinity.esc.edu.ar\/","logo":{"@type":"ImageObject","inLanguage":"en-US","@id":"https:\/\/trinity.esc.edu.ar\/#\/schema\/logo\/image\/","url":"https:\/\/trinity.esc.edu.ar\/wp-content\/uploads\/2021\/08\/logo.png","contentUrl":"https:\/\/trinity.esc.edu.ar\/wp-content\/uploads\/2021\/08\/logo.png","width":385,"height":100,"caption":"Holy Trinity College | Colegio Biling\u00fce en Mar del Plata"},"image":{"@id":"https:\/\/trinity.esc.edu.ar\/#\/schema\/logo\/image\/"}}]}},"_links":{"self":[{"href":"https:\/\/trinity.esc.edu.ar\/en\/wp-json\/wp\/v2\/pages\/554","targetHints":{"allow":["GET"]}}],"collection":[{"href":"https:\/\/trinity.esc.edu.ar\/en\/wp-json\/wp\/v2\/pages"}],"about":[{"href":"https:\/\/trinity.esc.edu.ar\/en\/wp-json\/wp\/v2\/types\/page"}],"author":[{"embeddable":true,"href":"https:\/\/trinity.esc.edu.ar\/en\/wp-json\/wp\/v2\/users\/1"}],"replies":[{"embeddable":true,"href":"https:\/\/trinity.esc.edu.ar\/en\/wp-json\/wp\/v2\/comments?post=554"}],"version-history":[{"count":0,"href":"https:\/\/trinity.esc.edu.ar\/en\/wp-json\/wp\/v2\/pages\/554\/revisions"}],"wp:attachment":[{"href":"https:\/\/trinity.esc.edu.ar\/en\/wp-json\/wp\/v2\/media?parent=554"}],"curies":[{"name":"wp","href":"https:\/\/api.w.org\/{rel}","templated":true}]}}