{"id":552,"date":"2021-12-06T15:33:35","date_gmt":"2021-12-06T18:33:35","guid":{"rendered":"http:\/\/nuevo.trinity.esc.edu.ar\/?page_id=552"},"modified":"2021-12-14T19:40:09","modified_gmt":"2021-12-14T22:40:09","slug":"drama-school","status":"publish","type":"page","link":"https:\/\/trinity.esc.edu.ar\/en\/drama-school\/","title":{"rendered":"Drama School"},"content":{"rendered":"<div class=\"container section-title-container\" ><h2 class=\"section-title section-title-center\"><b aria-hidden=\"true\"><\/b><span class=\"section-title-main\" >DRAMA SCHOOL<\/span><b aria-hidden=\"true\"><\/b><\/h2><\/div>\n<div class=\"row row-small\"  id=\"row-1658723945\">\n\n\t<div id=\"col-1060315907\" class=\"col medium-4 small-12 large-4\"  >\n\t\t\t\t<div class=\"col-inner\"  >\n\t\t\t\n\t\t\t\n\t<div class=\"img has-hover x md-x lg-x y md-y lg-y\" id=\"image_627592218\">\n\t\t\t\t\t\t\t\t<div class=\"img-inner dark\" >\n\t\t\t<img fetchpriority=\"high\" decoding=\"async\" width=\"1020\" height=\"677\" src=\"https:\/\/trinity.esc.edu.ar\/wp-content\/uploads\/2021\/12\/WhatsApp-Image-2021-12-03-at-10.11.19-3.jpeg\" class=\"attachment-large size-large\" alt=\"\" srcset=\"https:\/\/trinity.esc.edu.ar\/wp-content\/uploads\/2021\/12\/WhatsApp-Image-2021-12-03-at-10.11.19-3.jpeg 1024w, https:\/\/trinity.esc.edu.ar\/wp-content\/uploads\/2021\/12\/WhatsApp-Image-2021-12-03-at-10.11.19-3-300x199.jpeg 300w, https:\/\/trinity.esc.edu.ar\/wp-content\/uploads\/2021\/12\/WhatsApp-Image-2021-12-03-at-10.11.19-3-768x510.jpeg 768w\" sizes=\"(max-width: 1020px) 100vw, 1020px\" \/>\t\t\t\t\t\t\n\t\t\t\t\t<\/div>\n\t\t\t\t\t\t\t\t\n<style>\n#image_627592218 {\n  width: 100%;\n}\n<\/style>\n\t<\/div>\n\t\n\t\t<\/div>\n\t\t\t\t\t<\/div>\n\n\t\n\n\t<div id=\"col-1670068466\" class=\"col medium-4 small-12 large-4\"  >\n\t\t\t\t<div class=\"col-inner\"  >\n\t\t\t\n\t\t\t\n\t<div class=\"img has-hover x md-x lg-x y md-y lg-y\" id=\"image_2064895165\">\n\t\t\t\t\t\t\t\t<div class=\"img-inner dark\" >\n\t\t\t<img decoding=\"async\" width=\"1020\" height=\"680\" src=\"https:\/\/trinity.esc.edu.ar\/wp-content\/uploads\/2021\/12\/WhatsApp-Image-2021-12-03-at-10.11.19-6.jpeg\" class=\"attachment-large size-large\" alt=\"\" srcset=\"https:\/\/trinity.esc.edu.ar\/wp-content\/uploads\/2021\/12\/WhatsApp-Image-2021-12-03-at-10.11.19-6.jpeg 1024w, https:\/\/trinity.esc.edu.ar\/wp-content\/uploads\/2021\/12\/WhatsApp-Image-2021-12-03-at-10.11.19-6-300x200.jpeg 300w, https:\/\/trinity.esc.edu.ar\/wp-content\/uploads\/2021\/12\/WhatsApp-Image-2021-12-03-at-10.11.19-6-768x512.jpeg 768w\" sizes=\"(max-width: 1020px) 100vw, 1020px\" \/>\t\t\t\t\t\t\n\t\t\t\t\t<\/div>\n\t\t\t\t\t\t\t\t\n<style>\n#image_2064895165 {\n  width: 100%;\n}\n<\/style>\n\t<\/div>\n\t\n\t\t<\/div>\n\t\t\t\t\t<\/div>\n\n\t\n\n\t<div id=\"col-977035124\" class=\"col medium-4 small-12 large-4\"  >\n\t\t\t\t<div class=\"col-inner\"  >\n\t\t\t\n\t\t\t\n\t<div class=\"img has-hover x md-x lg-x y md-y lg-y\" id=\"image_858368431\">\n\t\t\t\t\t\t\t\t<div class=\"img-inner dark\" >\n\t\t\t<img decoding=\"async\" width=\"1020\" height=\"680\" src=\"https:\/\/trinity.esc.edu.ar\/wp-content\/uploads\/2021\/12\/WhatsApp-Image-2021-12-03-at-10.11.19.jpeg\" class=\"attachment-large size-large\" alt=\"\" srcset=\"https:\/\/trinity.esc.edu.ar\/wp-content\/uploads\/2021\/12\/WhatsApp-Image-2021-12-03-at-10.11.19.jpeg 1024w, https:\/\/trinity.esc.edu.ar\/wp-content\/uploads\/2021\/12\/WhatsApp-Image-2021-12-03-at-10.11.19-300x200.jpeg 300w, https:\/\/trinity.esc.edu.ar\/wp-content\/uploads\/2021\/12\/WhatsApp-Image-2021-12-03-at-10.11.19-768x512.jpeg 768w\" sizes=\"(max-width: 1020px) 100vw, 1020px\" \/>\t\t\t\t\t\t\n\t\t\t\t\t<\/div>\n\t\t\t\t\t\t\t\t\n<style>\n#image_858368431 {\n  width: 100%;\n}\n<\/style>\n\t<\/div>\n\t\n\t\t<\/div>\n\t\t\t\t\t<\/div>\n\n\t\n<\/div>\n<p>Musicals are a unique experience in the education of children in our school. From its first act in Kindergarten to the traditional &quot;Senior Play&quot; in Polimodal, and like many other subjects, this activity becomes a great challenge for children throughout their lives at school. Music and the arts are sometimes considered an extra subject or a less demanding activity for a few. We believe that theatrical experiences can favor our students not only artistically but also personally. Our bilingual system allows our children an excellent artistic-musical preparation that favors the development of firm, responsible and caring personalities... and everything in English, their second language. The exchange between children and adults of different ages is encouraged, each from their place, and encourages teamwork among friends in a pleasant and professional atmosphere.<\/p>\n<p>These years have witnessed significant progress due to the work of those who have made our works reach their highest level not only in terms of artistic quality but also in terms of the teaching process involved in bringing the work to life. We want to teach our children that we do not give them a work to perform but to be created through effort and responsibility, so that at the end of the road they can say that they are its &quot;owners.&quot; We are proud of the achievements made throughout all these years. Thanks to everyone who has worked on our works: Andy Atkinson, Hern\u00e1n Laperuta, Pablo Drutman and Peter Macfarlane and their work teams, who are the force behind this enriching activity for our children.<\/p>\n\n  \n    <div class=\"row large-columns-3 medium-columns- small-columns-2\" >\n  <div class=\"gallery-col col\" >\n          <div class=\"col-inner\">\n            <a class=\"image-lightbox lightbox-gallery\" href=\"https:\/\/trinity.esc.edu.ar\/wp-content\/uploads\/2021\/12\/WhatsApp-Image-2021-12-03-at-10.11.19-1.jpeg\" title=\"\">            <div class=\"box has-hover gallery-box box-overlay dark\">\n              <div class=\"box-image\" >\n                <img loading=\"lazy\" decoding=\"async\" width=\"300\" height=\"200\" src=\"https:\/\/trinity.esc.edu.ar\/wp-content\/uploads\/2021\/12\/WhatsApp-Image-2021-12-03-at-10.11.19-1-300x200.jpeg\" class=\"attachment-medium size-medium\" alt=\"\" ids=\"581,582,584,585,587,588\" columns=\"3\" srcset=\"https:\/\/trinity.esc.edu.ar\/wp-content\/uploads\/2021\/12\/WhatsApp-Image-2021-12-03-at-10.11.19-1-300x200.jpeg 300w, https:\/\/trinity.esc.edu.ar\/wp-content\/uploads\/2021\/12\/WhatsApp-Image-2021-12-03-at-10.11.19-1-768x512.jpeg 768w, https:\/\/trinity.esc.edu.ar\/wp-content\/uploads\/2021\/12\/WhatsApp-Image-2021-12-03-at-10.11.19-1.jpeg 1024w\" sizes=\"(max-width: 300px) 100vw, 300px\" \/>                                  <div class=\"overlay fill\"\n                      style=\"background-color: rgba(0,0,0,.15)\">\n                  <\/div>\n                                                              <\/div>\n              <div class=\"box-text text-left\" >\n                 <p><\/p>\n              <\/div>\n            <\/div>\n            <\/a>          <\/div>\n         <\/div><div class=\"gallery-col col\" >\n          <div class=\"col-inner\">\n            <a class=\"image-lightbox lightbox-gallery\" href=\"https:\/\/trinity.esc.edu.ar\/wp-content\/uploads\/2021\/12\/WhatsApp-Image-2021-12-03-at-10.11.19-2.jpeg\" title=\"\">            <div class=\"box has-hover gallery-box box-overlay dark\">\n              <div class=\"box-image\" >\n                <img loading=\"lazy\" decoding=\"async\" width=\"300\" height=\"200\" src=\"https:\/\/trinity.esc.edu.ar\/wp-content\/uploads\/2021\/12\/WhatsApp-Image-2021-12-03-at-10.11.19-2-300x200.jpeg\" class=\"attachment-medium size-medium\" alt=\"\" ids=\"581,582,584,585,587,588\" columns=\"3\" srcset=\"https:\/\/trinity.esc.edu.ar\/wp-content\/uploads\/2021\/12\/WhatsApp-Image-2021-12-03-at-10.11.19-2-300x200.jpeg 300w, https:\/\/trinity.esc.edu.ar\/wp-content\/uploads\/2021\/12\/WhatsApp-Image-2021-12-03-at-10.11.19-2-768x512.jpeg 768w, https:\/\/trinity.esc.edu.ar\/wp-content\/uploads\/2021\/12\/WhatsApp-Image-2021-12-03-at-10.11.19-2.jpeg 1024w\" sizes=\"(max-width: 300px) 100vw, 300px\" \/>                                  <div class=\"overlay fill\"\n                      style=\"background-color: rgba(0,0,0,.15)\">\n                  <\/div>\n                                                              <\/div>\n              <div class=\"box-text text-left\" >\n                 <p><\/p>\n              <\/div>\n            <\/div>\n            <\/a>          <\/div>\n         <\/div><div class=\"gallery-col col\" >\n          <div class=\"col-inner\">\n            <a class=\"image-lightbox lightbox-gallery\" href=\"https:\/\/trinity.esc.edu.ar\/wp-content\/uploads\/2021\/12\/WhatsApp-Image-2021-12-03-at-10.11.19-4.jpeg\" title=\"\">            <div class=\"box has-hover gallery-box box-overlay dark\">\n              <div class=\"box-image\" >\n                <img loading=\"lazy\" decoding=\"async\" width=\"300\" height=\"200\" src=\"https:\/\/trinity.esc.edu.ar\/wp-content\/uploads\/2021\/12\/WhatsApp-Image-2021-12-03-at-10.11.19-4-300x200.jpeg\" class=\"attachment-medium size-medium\" alt=\"\" ids=\"581,582,584,585,587,588\" columns=\"3\" srcset=\"https:\/\/trinity.esc.edu.ar\/wp-content\/uploads\/2021\/12\/WhatsApp-Image-2021-12-03-at-10.11.19-4-300x200.jpeg 300w, https:\/\/trinity.esc.edu.ar\/wp-content\/uploads\/2021\/12\/WhatsApp-Image-2021-12-03-at-10.11.19-4-768x512.jpeg 768w, https:\/\/trinity.esc.edu.ar\/wp-content\/uploads\/2021\/12\/WhatsApp-Image-2021-12-03-at-10.11.19-4.jpeg 1024w\" sizes=\"(max-width: 300px) 100vw, 300px\" \/>                                  <div class=\"overlay fill\"\n                      style=\"background-color: rgba(0,0,0,.15)\">\n                  <\/div>\n                                                              <\/div>\n              <div class=\"box-text text-left\" >\n                 <p><\/p>\n              <\/div>\n            <\/div>\n            <\/a>          <\/div>\n         <\/div><div class=\"gallery-col col\" >\n          <div class=\"col-inner\">\n            <a class=\"image-lightbox lightbox-gallery\" href=\"https:\/\/trinity.esc.edu.ar\/wp-content\/uploads\/2021\/12\/WhatsApp-Image-2021-12-03-at-10.11.19-5.jpeg\" title=\"\">            <div class=\"box has-hover gallery-box box-overlay dark\">\n              <div class=\"box-image\" >\n                <img loading=\"lazy\" decoding=\"async\" width=\"300\" height=\"200\" src=\"https:\/\/trinity.esc.edu.ar\/wp-content\/uploads\/2021\/12\/WhatsApp-Image-2021-12-03-at-10.11.19-5-300x200.jpeg\" class=\"attachment-medium size-medium\" alt=\"\" ids=\"581,582,584,585,587,588\" columns=\"3\" srcset=\"https:\/\/trinity.esc.edu.ar\/wp-content\/uploads\/2021\/12\/WhatsApp-Image-2021-12-03-at-10.11.19-5-300x200.jpeg 300w, https:\/\/trinity.esc.edu.ar\/wp-content\/uploads\/2021\/12\/WhatsApp-Image-2021-12-03-at-10.11.19-5-768x512.jpeg 768w, https:\/\/trinity.esc.edu.ar\/wp-content\/uploads\/2021\/12\/WhatsApp-Image-2021-12-03-at-10.11.19-5.jpeg 1024w\" sizes=\"(max-width: 300px) 100vw, 300px\" \/>                                  <div class=\"overlay fill\"\n                      style=\"background-color: rgba(0,0,0,.15)\">\n                  <\/div>\n                                                              <\/div>\n              <div class=\"box-text text-left\" >\n                 <p><\/p>\n              <\/div>\n            <\/div>\n            <\/a>          <\/div>\n         <\/div><div class=\"gallery-col col\" >\n          <div class=\"col-inner\">\n            <a class=\"image-lightbox lightbox-gallery\" href=\"https:\/\/trinity.esc.edu.ar\/wp-content\/uploads\/2021\/12\/WhatsApp-Image-2021-12-03-at-10.11.19-7.jpeg\" title=\"\">            <div class=\"box has-hover gallery-box box-overlay dark\">\n              <div class=\"box-image\" >\n                <img loading=\"lazy\" decoding=\"async\" width=\"300\" height=\"200\" src=\"https:\/\/trinity.esc.edu.ar\/wp-content\/uploads\/2021\/12\/WhatsApp-Image-2021-12-03-at-10.11.19-7-300x200.jpeg\" class=\"attachment-medium size-medium\" alt=\"\" ids=\"581,582,584,585,587,588\" columns=\"3\" srcset=\"https:\/\/trinity.esc.edu.ar\/wp-content\/uploads\/2021\/12\/WhatsApp-Image-2021-12-03-at-10.11.19-7-300x200.jpeg 300w, https:\/\/trinity.esc.edu.ar\/wp-content\/uploads\/2021\/12\/WhatsApp-Image-2021-12-03-at-10.11.19-7-768x512.jpeg 768w, https:\/\/trinity.esc.edu.ar\/wp-content\/uploads\/2021\/12\/WhatsApp-Image-2021-12-03-at-10.11.19-7.jpeg 1024w\" sizes=\"(max-width: 300px) 100vw, 300px\" \/>                                  <div class=\"overlay fill\"\n                      style=\"background-color: rgba(0,0,0,.15)\">\n                  <\/div>\n                                                              <\/div>\n              <div class=\"box-text text-left\" >\n                 <p><\/p>\n              <\/div>\n            <\/div>\n            <\/a>          <\/div>\n         <\/div><div class=\"gallery-col col\" >\n          <div class=\"col-inner\">\n            <a class=\"image-lightbox lightbox-gallery\" href=\"https:\/\/trinity.esc.edu.ar\/wp-content\/uploads\/2021\/12\/WhatsApp-Image-2021-12-03-at-10.11.19-8.jpeg\" title=\"\">            <div class=\"box has-hover gallery-box box-overlay dark\">\n              <div class=\"box-image\" >\n                <img loading=\"lazy\" decoding=\"async\" width=\"300\" height=\"200\" src=\"https:\/\/trinity.esc.edu.ar\/wp-content\/uploads\/2021\/12\/WhatsApp-Image-2021-12-03-at-10.11.19-8-300x200.jpeg\" class=\"attachment-medium size-medium\" alt=\"\" ids=\"581,582,584,585,587,588\" columns=\"3\" srcset=\"https:\/\/trinity.esc.edu.ar\/wp-content\/uploads\/2021\/12\/WhatsApp-Image-2021-12-03-at-10.11.19-8-300x200.jpeg 300w, https:\/\/trinity.esc.edu.ar\/wp-content\/uploads\/2021\/12\/WhatsApp-Image-2021-12-03-at-10.11.19-8-768x512.jpeg 768w, https:\/\/trinity.esc.edu.ar\/wp-content\/uploads\/2021\/12\/WhatsApp-Image-2021-12-03-at-10.11.19-8.jpeg 1024w\" sizes=\"(max-width: 300px) 100vw, 300px\" \/>                                  <div class=\"overlay fill\"\n                      style=\"background-color: rgba(0,0,0,.15)\">\n                  <\/div>\n                                                              <\/div>\n              <div class=\"box-text text-left\" >\n                 <p><\/p>\n              <\/div>\n            <\/div>\n            <\/a>          <\/div>\n         <\/div><\/div>","protected":false},"excerpt":{"rendered":"<p>Los musicales son una experiencia \u00fanica en la educaci\u00f3n de los chicos en nuestro colegio. Desde su primer acto en Jard\u00edn de Infantes hasta el tradicional \u201cSenior Play\u201d en Polimodal, y como muchas otras materias, esta actividad se convierte en un gran desaf\u00edo para los chicos a lo largo de su vida en el colegio. [&#8230;]\n","protected":false},"author":1,"featured_media":0,"parent":0,"menu_order":0,"comment_status":"closed","ping_status":"closed","template":"","meta":{"footnotes":""},"class_list":["post-552","page","type-page","status-publish","hentry"],"yoast_head":"<!-- This site is optimized with the Yoast SEO plugin v27.3 - https:\/\/yoast.com\/product\/yoast-seo-wordpress\/ -->\n<title>Drama School - Holy Trinity College | Colegio Biling\u00fce en Mar del Plata<\/title>\n<meta name=\"robots\" content=\"index, follow, max-snippet:-1, max-image-preview:large, max-video-preview:-1\" \/>\n<link rel=\"canonical\" href=\"https:\/\/trinity.esc.edu.ar\/en\/drama-school\/\" \/>\n<meta property=\"og:locale\" content=\"en_US\" \/>\n<meta property=\"og:type\" content=\"article\" \/>\n<meta property=\"og:title\" content=\"Drama School - Holy Trinity College | Colegio Biling\u00fce en Mar del Plata\" \/>\n<meta property=\"og:description\" content=\"Los musicales son una experiencia \u00fanica en la educaci\u00f3n de los chicos en nuestro colegio. Desde su primer acto en Jard\u00edn de Infantes hasta el tradicional \u201cSenior Play\u201d en Polimodal, y como muchas otras materias, esta actividad se convierte en un gran desaf\u00edo para los chicos a lo largo de su vida en el colegio. [...]\" \/>\n<meta property=\"og:url\" content=\"https:\/\/trinity.esc.edu.ar\/en\/drama-school\/\" \/>\n<meta property=\"og:site_name\" content=\"Holy Trinity College | Colegio Biling\u00fce en Mar del Plata\" \/>\n<meta property=\"article:modified_time\" content=\"2021-12-14T22:40:09+00:00\" \/>\n<meta name=\"twitter:card\" content=\"summary_large_image\" \/>\n<meta name=\"twitter:label1\" content=\"Est. reading time\" \/>\n\t<meta name=\"twitter:data1\" content=\"2 minutes\" \/>\n<script type=\"application\/ld+json\" class=\"yoast-schema-graph\">{\"@context\":\"https:\\\/\\\/schema.org\",\"@graph\":[{\"@type\":\"WebPage\",\"@id\":\"https:\\\/\\\/trinity.esc.edu.ar\\\/drama-school\\\/\",\"url\":\"https:\\\/\\\/trinity.esc.edu.ar\\\/drama-school\\\/\",\"name\":\"Drama School - Holy Trinity College | Colegio Biling\u00fce en Mar del Plata\",\"isPartOf\":{\"@id\":\"https:\\\/\\\/trinity.esc.edu.ar\\\/#website\"},\"datePublished\":\"2021-12-06T18:33:35+00:00\",\"dateModified\":\"2021-12-14T22:40:09+00:00\",\"breadcrumb\":{\"@id\":\"https:\\\/\\\/trinity.esc.edu.ar\\\/drama-school\\\/#breadcrumb\"},\"inLanguage\":\"en-US\",\"potentialAction\":[{\"@type\":\"ReadAction\",\"target\":[\"https:\\\/\\\/trinity.esc.edu.ar\\\/drama-school\\\/\"]}]},{\"@type\":\"BreadcrumbList\",\"@id\":\"https:\\\/\\\/trinity.esc.edu.ar\\\/drama-school\\\/#breadcrumb\",\"itemListElement\":[{\"@type\":\"ListItem\",\"position\":1,\"name\":\"Home\",\"item\":\"https:\\\/\\\/trinity.esc.edu.ar\\\/\"},{\"@type\":\"ListItem\",\"position\":2,\"name\":\"Drama School\"}]},{\"@type\":\"WebSite\",\"@id\":\"https:\\\/\\\/trinity.esc.edu.ar\\\/#website\",\"url\":\"https:\\\/\\\/trinity.esc.edu.ar\\\/\",\"name\":\"Holy Trinity College | Colegio Biling\u00fce en Mar del Plata\",\"description\":\"Educaci\u00f3n biling\u00fce cat\u00f3lica en Mar del Plata. Jard\u00edn, Primaria y Secundario con formaci\u00f3n acad\u00e9mica, deportiva y valores para la vida.\",\"publisher\":{\"@id\":\"https:\\\/\\\/trinity.esc.edu.ar\\\/#organization\"},\"potentialAction\":[{\"@type\":\"SearchAction\",\"target\":{\"@type\":\"EntryPoint\",\"urlTemplate\":\"https:\\\/\\\/trinity.esc.edu.ar\\\/?s={search_term_string}\"},\"query-input\":{\"@type\":\"PropertyValueSpecification\",\"valueRequired\":true,\"valueName\":\"search_term_string\"}}],\"inLanguage\":\"en-US\"},{\"@type\":\"Organization\",\"@id\":\"https:\\\/\\\/trinity.esc.edu.ar\\\/#organization\",\"name\":\"Holy Trinity College | Colegio Biling\u00fce en Mar del Plata\",\"url\":\"https:\\\/\\\/trinity.esc.edu.ar\\\/\",\"logo\":{\"@type\":\"ImageObject\",\"inLanguage\":\"en-US\",\"@id\":\"https:\\\/\\\/trinity.esc.edu.ar\\\/#\\\/schema\\\/logo\\\/image\\\/\",\"url\":\"https:\\\/\\\/trinity.esc.edu.ar\\\/wp-content\\\/uploads\\\/2021\\\/08\\\/logo.png\",\"contentUrl\":\"https:\\\/\\\/trinity.esc.edu.ar\\\/wp-content\\\/uploads\\\/2021\\\/08\\\/logo.png\",\"width\":385,\"height\":100,\"caption\":\"Holy Trinity College | Colegio Biling\u00fce en Mar del Plata\"},\"image\":{\"@id\":\"https:\\\/\\\/trinity.esc.edu.ar\\\/#\\\/schema\\\/logo\\\/image\\\/\"}}]}<\/script>\n<!-- \/ Yoast SEO plugin. -->","yoast_head_json":{"title":"Drama School - Holy Trinity College | Bilingual School in Mar del Plata","robots":{"index":"index","follow":"follow","max-snippet":"max-snippet:-1","max-image-preview":"max-image-preview:large","max-video-preview":"max-video-preview:-1"},"canonical":"https:\/\/trinity.esc.edu.ar\/en\/drama-school\/","og_locale":"en_US","og_type":"article","og_title":"Drama School - Holy Trinity College | Colegio Biling\u00fce en Mar del Plata","og_description":"Los musicales son una experiencia \u00fanica en la educaci\u00f3n de los chicos en nuestro colegio. Desde su primer acto en Jard\u00edn de Infantes hasta el tradicional \u201cSenior Play\u201d en Polimodal, y como muchas otras materias, esta actividad se convierte en un gran desaf\u00edo para los chicos a lo largo de su vida en el colegio. [...]","og_url":"https:\/\/trinity.esc.edu.ar\/en\/drama-school\/","og_site_name":"Holy Trinity College | Colegio Biling\u00fce en Mar del Plata","article_modified_time":"2021-12-14T22:40:09+00:00","twitter_card":"summary_large_image","twitter_misc":{"Est. reading time":"2 minutes"},"schema":{"@context":"https:\/\/schema.org","@graph":[{"@type":"WebPage","@id":"https:\/\/trinity.esc.edu.ar\/drama-school\/","url":"https:\/\/trinity.esc.edu.ar\/drama-school\/","name":"Drama School - Holy Trinity College | Bilingual School in Mar del Plata","isPartOf":{"@id":"https:\/\/trinity.esc.edu.ar\/#website"},"datePublished":"2021-12-06T18:33:35+00:00","dateModified":"2021-12-14T22:40:09+00:00","breadcrumb":{"@id":"https:\/\/trinity.esc.edu.ar\/drama-school\/#breadcrumb"},"inLanguage":"en-US","potentialAction":[{"@type":"ReadAction","target":["https:\/\/trinity.esc.edu.ar\/drama-school\/"]}]},{"@type":"BreadcrumbList","@id":"https:\/\/trinity.esc.edu.ar\/drama-school\/#breadcrumb","itemListElement":[{"@type":"ListItem","position":1,"name":"Home","item":"https:\/\/trinity.esc.edu.ar\/"},{"@type":"ListItem","position":2,"name":"Drama School"}]},{"@type":"WebSite","@id":"https:\/\/trinity.esc.edu.ar\/#website","url":"https:\/\/trinity.esc.edu.ar\/","name":"Holy Trinity College | Bilingual School in Mar del Plata","description":"Bilingual Catholic education in Mar del Plata. Kindergarten, Primary and Secondary with academic, sports and values training for life.","publisher":{"@id":"https:\/\/trinity.esc.edu.ar\/#organization"},"potentialAction":[{"@type":"SearchAction","target":{"@type":"EntryPoint","urlTemplate":"https:\/\/trinity.esc.edu.ar\/?s={search_term_string}"},"query-input":{"@type":"PropertyValueSpecification","valueRequired":true,"valueName":"search_term_string"}}],"inLanguage":"en-US"},{"@type":"Organization","@id":"https:\/\/trinity.esc.edu.ar\/#organization","name":"Holy Trinity College | Bilingual School in Mar del Plata","url":"https:\/\/trinity.esc.edu.ar\/","logo":{"@type":"ImageObject","inLanguage":"en-US","@id":"https:\/\/trinity.esc.edu.ar\/#\/schema\/logo\/image\/","url":"https:\/\/trinity.esc.edu.ar\/wp-content\/uploads\/2021\/08\/logo.png","contentUrl":"https:\/\/trinity.esc.edu.ar\/wp-content\/uploads\/2021\/08\/logo.png","width":385,"height":100,"caption":"Holy Trinity College | Colegio Biling\u00fce en Mar del Plata"},"image":{"@id":"https:\/\/trinity.esc.edu.ar\/#\/schema\/logo\/image\/"}}]}},"_links":{"self":[{"href":"https:\/\/trinity.esc.edu.ar\/en\/wp-json\/wp\/v2\/pages\/552","targetHints":{"allow":["GET"]}}],"collection":[{"href":"https:\/\/trinity.esc.edu.ar\/en\/wp-json\/wp\/v2\/pages"}],"about":[{"href":"https:\/\/trinity.esc.edu.ar\/en\/wp-json\/wp\/v2\/types\/page"}],"author":[{"embeddable":true,"href":"https:\/\/trinity.esc.edu.ar\/en\/wp-json\/wp\/v2\/users\/1"}],"replies":[{"embeddable":true,"href":"https:\/\/trinity.esc.edu.ar\/en\/wp-json\/wp\/v2\/comments?post=552"}],"version-history":[{"count":0,"href":"https:\/\/trinity.esc.edu.ar\/en\/wp-json\/wp\/v2\/pages\/552\/revisions"}],"wp:attachment":[{"href":"https:\/\/trinity.esc.edu.ar\/en\/wp-json\/wp\/v2\/media?parent=552"}],"curies":[{"name":"wp","href":"https:\/\/api.w.org\/{rel}","templated":true}]}}