{"id":528,"date":"2021-12-06T14:37:23","date_gmt":"2021-12-06T17:37:23","guid":{"rendered":"http:\/\/nuevo.trinity.esc.edu.ar\/?page_id=528"},"modified":"2021-12-14T19:25:52","modified_gmt":"2021-12-14T22:25:52","slug":"secundario","status":"publish","type":"page","link":"https:\/\/trinity.esc.edu.ar\/en\/secundario\/","title":{"rendered":"Secondary"},"content":{"rendered":"<div class=\"container section-title-container\" ><h2 class=\"section-title section-title-center\"><b aria-hidden=\"true\"><\/b><span class=\"section-title-main\" >SECONDARY<\/span><b aria-hidden=\"true\"><\/b><\/h2><\/div>\n<div class=\"row\"  id=\"row-845993294\">\n\n\t<div id=\"col-1382384346\" class=\"col medium-4 small-12 large-4\"  >\n\t\t\t\t<div class=\"col-inner\"  >\n\t\t\t\n\t\t\t\n\t<div class=\"img has-hover x md-x lg-x y md-y lg-y\" id=\"image_953743168\">\n\t\t\t\t\t\t\t\t<div class=\"img-inner dark\" >\n\t\t\t<img fetchpriority=\"high\" decoding=\"async\" width=\"1020\" height=\"765\" src=\"https:\/\/trinity.esc.edu.ar\/wp-content\/uploads\/2021\/12\/20210429_115039-1024x768.jpg\" class=\"attachment-large size-large\" alt=\"\" srcset=\"https:\/\/trinity.esc.edu.ar\/wp-content\/uploads\/2021\/12\/20210429_115039-1024x768.jpg 1024w, https:\/\/trinity.esc.edu.ar\/wp-content\/uploads\/2021\/12\/20210429_115039-300x225.jpg 300w, https:\/\/trinity.esc.edu.ar\/wp-content\/uploads\/2021\/12\/20210429_115039-768x576.jpg 768w, https:\/\/trinity.esc.edu.ar\/wp-content\/uploads\/2021\/12\/20210429_115039-1536x1152.jpg 1536w, https:\/\/trinity.esc.edu.ar\/wp-content\/uploads\/2021\/12\/20210429_115039-2048x1536.jpg 2048w\" sizes=\"(max-width: 1020px) 100vw, 1020px\" \/>\t\t\t\t\t\t\n\t\t\t\t\t<\/div>\n\t\t\t\t\t\t\t\t\n<style>\n#image_953743168 {\n  width: 100%;\n}\n<\/style>\n\t<\/div>\n\t\n\t\t<\/div>\n\t\t\t\t\t<\/div>\n\n\t\n\n\t<div id=\"col-1282959042\" class=\"col medium-4 small-12 large-4\"  >\n\t\t\t\t<div class=\"col-inner\"  >\n\t\t\t\n\t\t\t\n\t<div class=\"img has-hover x md-x lg-x y md-y lg-y\" id=\"image_2134643642\">\n\t\t\t\t\t\t\t\t<div class=\"img-inner image-cover dark\" style=\"padding-top:75%;\">\n\t\t\t<img decoding=\"async\" width=\"803\" height=\"614\" src=\"https:\/\/trinity.esc.edu.ar\/wp-content\/uploads\/2021\/12\/Capture5-1.jpg\" class=\"attachment-large size-large\" alt=\"\" srcset=\"https:\/\/trinity.esc.edu.ar\/wp-content\/uploads\/2021\/12\/Capture5-1.jpg 803w, https:\/\/trinity.esc.edu.ar\/wp-content\/uploads\/2021\/12\/Capture5-1-300x229.jpg 300w, https:\/\/trinity.esc.edu.ar\/wp-content\/uploads\/2021\/12\/Capture5-1-768x587.jpg 768w\" sizes=\"(max-width: 803px) 100vw, 803px\" \/>\t\t\t\t\t\t\n\t\t\t\t\t<\/div>\n\t\t\t\t\t\t\t\t\n<style>\n#image_2134643642 {\n  width: 100%;\n}\n<\/style>\n\t<\/div>\n\t\n\t\t<\/div>\n\t\t\t\t\t<\/div>\n\n\t\n\n\t<div id=\"col-1264757864\" class=\"col medium-4 small-12 large-4\"  >\n\t\t\t\t<div class=\"col-inner\"  >\n\t\t\t\n\t\t\t\n\t<div class=\"img has-hover x md-x lg-x y md-y lg-y\" id=\"image_1885640912\">\n\t\t\t\t\t\t\t\t<div class=\"img-inner dark\" >\n\t\t\t<img decoding=\"async\" width=\"1020\" height=\"765\" src=\"https:\/\/trinity.esc.edu.ar\/wp-content\/uploads\/2021\/12\/IMG-20190627-WA0059-2-1024x768.jpg\" class=\"attachment-large size-large\" alt=\"\" srcset=\"https:\/\/trinity.esc.edu.ar\/wp-content\/uploads\/2021\/12\/IMG-20190627-WA0059-2-1024x768.jpg 1024w, https:\/\/trinity.esc.edu.ar\/wp-content\/uploads\/2021\/12\/IMG-20190627-WA0059-2-300x225.jpg 300w, https:\/\/trinity.esc.edu.ar\/wp-content\/uploads\/2021\/12\/IMG-20190627-WA0059-2-768x576.jpg 768w, https:\/\/trinity.esc.edu.ar\/wp-content\/uploads\/2021\/12\/IMG-20190627-WA0059-2.jpg 1032w\" sizes=\"(max-width: 1020px) 100vw, 1020px\" \/>\t\t\t\t\t\t\n\t\t\t\t\t<\/div>\n\t\t\t\t\t\t\t\t\n<style>\n#image_1885640912 {\n  width: 100%;\n}\n<\/style>\n\t<\/div>\n\t\n\t\t<\/div>\n\t\t\t\t\t<\/div>\n\n\t\n<\/div>\n<div class=\"row\"  id=\"row-1310437426\">\n\n\t<div id=\"col-28776538\" class=\"col small-12 large-12\"  >\n\t\t\t\t<div class=\"col-inner\"  >\n\t\t\t\n\t\t\t\n<h3>Secondary school<\/h3>\n<p><b>Secondary of Holy Trinity College aspires that its students can enter the University on the basis of integrated bilingual education, and for this it seeks to:<\/b><\/p>\n<p>\u2022 Ensure that students acquire the necessary knowledge to successfully face the next stage of their careers.<\/p>\n<p>\u2022 Develop your ability to manage your daily life.<\/p>\n<p>\u2022 Determine your vocation and know how to use your free time.<\/p>\n<p>\u2022 Provide them with the necessary knowledge to know how to function in a modern world.<\/p>\n<p><b>Directional objectives of the bilingual secondary school<\/b><\/p>\n<p>1) Incorporate young people into the world of values in order to enable their full realization as a person.<\/p>\n<p>2) Provide the learner with the instruments, techniques and habits necessary for learning, so that he initiates and develops self-education processes and actively and effectively incorporates the requirements of permanent education.<\/p>\n<p>3) Guide the learner to discover their own skills and limitations to perform as a good person, respecting their peers.<\/p>\n<p>4) Promote the development of their potentialities in the student, in a framework of mutual respect.<\/p>\n<p>5) Instrument the integral formation of the student: intellectual, artistic, linguistic and transcendental.<\/p>\n<p>6) Promote the internalization of guidelines, norms and individual and social values tending to achieve responsibility and autonomy.<\/p>\n<p>7) Carry out a pedagogical-didactic work that responds to the individual and social needs of the student, based on an effective interrelation between school, family and community.<\/p>\n<p>8) Enable true and complete knowledge of the real country and awaken an authentic national conscience, in a framework of openness, respect and understanding towards all the peoples of the world.<\/p>\n<p>9) Provide the student with mastery of the mother tongue that allows him to develop his capacity for expressive and comprehensive communication, as well as mastery of the English language at all levels of communication, emphasizing study and research in the different areas of knowledge. .<\/p>\n<p>10) Create favorable conditions for full human formation.<\/p>\n<p>11) Seek the abilities, skills and general or necessary content to face any subsequent university career.<\/p>\n<p>12) Provide the necessary tools to face the problems of man and the modern world.<\/p>\n<p>13) Provide options that respond to particular interests and abilities.<\/p>\n<p>14) Promote the training of young people with responsibility, capacity for work and a spirit of solidarity.<\/p>\n<h3>Agreements with Universities<\/h3>\n<p><b>University of San Andres<\/b><\/p>\n<p>\u2022 Cooperation in training activities, improvement and thematic, didactic and pedagogical updating of its teachers.<\/p>\n<p><b>Technological Institute of Buenos Aires<\/b><\/p>\n<p>\u2022 Agreement through OBI. Mathematics and Physics of the entrance exam are considered approved in the case of obtaining five or more points in the IB.<\/p>\n<p>\u2022 Holy Trinity College hosts the Distance Entrance Course.<\/p>\n<p>\u2022 The \u201cParents Project\u201d Foundation Program.<\/p>\n<p><b>CEMA University<\/b><\/p>\n<p>\u2022 50% Scholarship for Computer Engineering<\/p>\n<p>\u2022 50% Scholarship for Bachelor&#039;s Degree in Political Science<\/p>\n<p>\u2022 2 25% Scholarships for Bachelor&#039;s Degree in Economics and Business Administration<\/p>\n<p><b>University of Belgrano<\/b><\/p>\n<p>\u2022 2 Scholarships for degree courses to be renewed with an average of eight in the subjects studied.<\/p>\n<p>\u2022 50% scholarship for one teacher per year who is pursuing a bachelor&#039;s degree in educational management.<\/p>\n<p>\u2022 Free courses on Teaching Methodology and Learning Assessment.<\/p>\n<p><b>Argentine Catholic University<\/b><\/p>\n<p>\u2022 Entry agreement for IB exams.<\/p>\n<p>\u2022 Differentiated Admission System.<\/p>\n<p><b>CEMIC Institute<\/b><\/p>\n<p>\u2022 Direct entry is granted to students with an average of eight in the subjects studied.<\/p>\n\t\t<\/div>\n\t\t\t\t\t<\/div>\n\n\t\n<\/div>\n\n  \n    <div class=\"row large-columns-5 medium-columns-3 small-columns-2\" >\n  <div class=\"gallery-col col\" >\n          <div class=\"col-inner\">\n            <a class=\"image-lightbox lightbox-gallery\" href=\"https:\/\/trinity.esc.edu.ar\/wp-content\/uploads\/2021\/12\/Capture.jpg\" title=\"\">            <div class=\"box has-hover gallery-box box-overlay dark\">\n              <div class=\"box-image\" >\n                <img loading=\"lazy\" decoding=\"async\" width=\"300\" height=\"284\" src=\"https:\/\/trinity.esc.edu.ar\/wp-content\/uploads\/2021\/12\/Capture-300x284.jpg\" class=\"attachment-medium size-medium\" alt=\"\" ids=\"616,617,618,619,705\" columns=\"5\" srcset=\"https:\/\/trinity.esc.edu.ar\/wp-content\/uploads\/2021\/12\/Capture-300x284.jpg 300w, https:\/\/trinity.esc.edu.ar\/wp-content\/uploads\/2021\/12\/Capture-768x726.jpg 768w, https:\/\/trinity.esc.edu.ar\/wp-content\/uploads\/2021\/12\/Capture.jpg 846w\" sizes=\"(max-width: 300px) 100vw, 300px\" \/>                                  <div class=\"overlay fill\"\n                      style=\"background-color: rgba(0,0,0,.15)\">\n                  <\/div>\n                                                              <\/div>\n              <div class=\"box-text text-left\" >\n                 <p><\/p>\n              <\/div>\n            <\/div>\n            <\/a>          <\/div>\n         <\/div><div class=\"gallery-col col\" >\n          <div class=\"col-inner\">\n            <a class=\"image-lightbox lightbox-gallery\" href=\"https:\/\/trinity.esc.edu.ar\/wp-content\/uploads\/2021\/12\/Capture2.jpg\" title=\"\">            <div class=\"box has-hover gallery-box box-overlay dark\">\n              <div class=\"box-image\" >\n                <img loading=\"lazy\" decoding=\"async\" width=\"300\" height=\"244\" src=\"https:\/\/trinity.esc.edu.ar\/wp-content\/uploads\/2021\/12\/Capture2-300x244.jpg\" class=\"attachment-medium size-medium\" alt=\"\" ids=\"616,617,618,619,705\" columns=\"5\" srcset=\"https:\/\/trinity.esc.edu.ar\/wp-content\/uploads\/2021\/12\/Capture2-300x244.jpg 300w, https:\/\/trinity.esc.edu.ar\/wp-content\/uploads\/2021\/12\/Capture2.jpg 730w\" sizes=\"(max-width: 300px) 100vw, 300px\" \/>                                  <div class=\"overlay fill\"\n                      style=\"background-color: rgba(0,0,0,.15)\">\n                  <\/div>\n                                                              <\/div>\n              <div class=\"box-text text-left\" >\n                 <p><\/p>\n              <\/div>\n            <\/div>\n            <\/a>          <\/div>\n         <\/div><div class=\"gallery-col col\" >\n          <div class=\"col-inner\">\n            <a class=\"image-lightbox lightbox-gallery\" href=\"https:\/\/trinity.esc.edu.ar\/wp-content\/uploads\/2021\/12\/Capture3.jpg\" title=\"\">            <div class=\"box has-hover gallery-box box-overlay dark\">\n              <div class=\"box-image\" >\n                <img loading=\"lazy\" decoding=\"async\" width=\"300\" height=\"259\" src=\"https:\/\/trinity.esc.edu.ar\/wp-content\/uploads\/2021\/12\/Capture3-300x259.jpg\" class=\"attachment-medium size-medium\" alt=\"\" ids=\"616,617,618,619,705\" columns=\"5\" srcset=\"https:\/\/trinity.esc.edu.ar\/wp-content\/uploads\/2021\/12\/Capture3-300x259.jpg 300w, https:\/\/trinity.esc.edu.ar\/wp-content\/uploads\/2021\/12\/Capture3-768x663.jpg 768w, https:\/\/trinity.esc.edu.ar\/wp-content\/uploads\/2021\/12\/Capture3.jpg 806w\" sizes=\"(max-width: 300px) 100vw, 300px\" \/>                                  <div class=\"overlay fill\"\n                      style=\"background-color: rgba(0,0,0,.15)\">\n                  <\/div>\n                                                              <\/div>\n              <div class=\"box-text text-left\" >\n                 <p><\/p>\n              <\/div>\n            <\/div>\n            <\/a>          <\/div>\n         <\/div><div class=\"gallery-col col\" >\n          <div class=\"col-inner\">\n            <a class=\"image-lightbox lightbox-gallery\" href=\"https:\/\/trinity.esc.edu.ar\/wp-content\/uploads\/2021\/12\/Capture4.jpg\" title=\"\">            <div class=\"box has-hover gallery-box box-overlay dark\">\n              <div class=\"box-image\" >\n                <img loading=\"lazy\" decoding=\"async\" width=\"300\" height=\"264\" src=\"https:\/\/trinity.esc.edu.ar\/wp-content\/uploads\/2021\/12\/Capture4-300x264.jpg\" class=\"attachment-medium size-medium\" alt=\"\" ids=\"616,617,618,619,705\" columns=\"5\" srcset=\"https:\/\/trinity.esc.edu.ar\/wp-content\/uploads\/2021\/12\/Capture4-300x264.jpg 300w, https:\/\/trinity.esc.edu.ar\/wp-content\/uploads\/2021\/12\/Capture4-768x677.jpg 768w, https:\/\/trinity.esc.edu.ar\/wp-content\/uploads\/2021\/12\/Capture4.jpg 852w\" sizes=\"(max-width: 300px) 100vw, 300px\" \/>                                  <div class=\"overlay fill\"\n                      style=\"background-color: rgba(0,0,0,.15)\">\n                  <\/div>\n                                                              <\/div>\n              <div class=\"box-text text-left\" >\n                 <p><\/p>\n              <\/div>\n            <\/div>\n            <\/a>          <\/div>\n         <\/div><div class=\"gallery-col col\" >\n          <div class=\"col-inner\">\n            <a class=\"image-lightbox lightbox-gallery\" href=\"https:\/\/trinity.esc.edu.ar\/wp-content\/uploads\/2021\/12\/IMG-20211109-WA0009-1024x768.jpg\" title=\"\">            <div class=\"box has-hover gallery-box box-overlay dark\">\n              <div class=\"box-image\" >\n                <img loading=\"lazy\" decoding=\"async\" width=\"300\" height=\"225\" src=\"https:\/\/trinity.esc.edu.ar\/wp-content\/uploads\/2021\/12\/IMG-20211109-WA0009-300x225.jpg\" class=\"attachment-medium size-medium\" alt=\"\" ids=\"616,617,618,619,705\" columns=\"5\" srcset=\"https:\/\/trinity.esc.edu.ar\/wp-content\/uploads\/2021\/12\/IMG-20211109-WA0009-300x225.jpg 300w, https:\/\/trinity.esc.edu.ar\/wp-content\/uploads\/2021\/12\/IMG-20211109-WA0009-1024x768.jpg 1024w, https:\/\/trinity.esc.edu.ar\/wp-content\/uploads\/2021\/12\/IMG-20211109-WA0009-768x576.jpg 768w, https:\/\/trinity.esc.edu.ar\/wp-content\/uploads\/2021\/12\/IMG-20211109-WA0009-1536x1153.jpg 1536w, https:\/\/trinity.esc.edu.ar\/wp-content\/uploads\/2021\/12\/IMG-20211109-WA0009.jpg 1599w\" sizes=\"(max-width: 300px) 100vw, 300px\" \/>                                  <div class=\"overlay fill\"\n                      style=\"background-color: rgba(0,0,0,.15)\">\n                  <\/div>\n                                                              <\/div>\n              <div class=\"box-text text-left\" >\n                 <p><\/p>\n              <\/div>\n            <\/div>\n            <\/a>          <\/div>\n         <\/div><\/div>","protected":false},"excerpt":{"rendered":"","protected":false},"author":1,"featured_media":0,"parent":0,"menu_order":0,"comment_status":"closed","ping_status":"closed","template":"","meta":{"footnotes":""},"class_list":["post-528","page","type-page","status-publish","hentry"],"yoast_head":"<!-- This site is optimized with the Yoast SEO plugin v27.6 - https:\/\/yoast.com\/product\/yoast-seo-wordpress\/ -->\n<title>Secundario - Holy Trinity College | Colegio Biling\u00fce en Mar del Plata<\/title>\n<meta name=\"robots\" content=\"index, follow, max-snippet:-1, max-image-preview:large, max-video-preview:-1\" \/>\n<link rel=\"canonical\" href=\"https:\/\/trinity.esc.edu.ar\/en\/secundario\/\" \/>\n<meta property=\"og:locale\" content=\"en_US\" \/>\n<meta property=\"og:type\" content=\"article\" \/>\n<meta property=\"og:title\" content=\"Secundario - Holy Trinity College | Colegio Biling\u00fce en Mar del Plata\" \/>\n<meta property=\"og:url\" content=\"https:\/\/trinity.esc.edu.ar\/en\/secundario\/\" \/>\n<meta property=\"og:site_name\" content=\"Holy Trinity College | Colegio Biling\u00fce en Mar del Plata\" \/>\n<meta property=\"article:modified_time\" content=\"2021-12-14T22:25:52+00:00\" \/>\n<meta name=\"twitter:card\" content=\"summary_large_image\" \/>\n<meta name=\"twitter:label1\" content=\"Est. reading time\" \/>\n\t<meta name=\"twitter:data1\" content=\"3 minutes\" \/>\n<script type=\"application\/ld+json\" class=\"yoast-schema-graph\">{\"@context\":\"https:\\\/\\\/schema.org\",\"@graph\":[{\"@type\":\"WebPage\",\"@id\":\"https:\\\/\\\/trinity.esc.edu.ar\\\/secundario\\\/\",\"url\":\"https:\\\/\\\/trinity.esc.edu.ar\\\/secundario\\\/\",\"name\":\"Secundario - Holy Trinity College | Colegio Biling\u00fce en Mar del Plata\",\"isPartOf\":{\"@id\":\"https:\\\/\\\/trinity.esc.edu.ar\\\/en\\\/#website\"},\"datePublished\":\"2021-12-06T17:37:23+00:00\",\"dateModified\":\"2021-12-14T22:25:52+00:00\",\"breadcrumb\":{\"@id\":\"https:\\\/\\\/trinity.esc.edu.ar\\\/secundario\\\/#breadcrumb\"},\"inLanguage\":\"en-US\",\"potentialAction\":[{\"@type\":\"ReadAction\",\"target\":[\"https:\\\/\\\/trinity.esc.edu.ar\\\/secundario\\\/\"]}]},{\"@type\":\"BreadcrumbList\",\"@id\":\"https:\\\/\\\/trinity.esc.edu.ar\\\/secundario\\\/#breadcrumb\",\"itemListElement\":[{\"@type\":\"ListItem\",\"position\":1,\"name\":\"Home\",\"item\":\"https:\\\/\\\/trinity.esc.edu.ar\\\/en\\\/\"},{\"@type\":\"ListItem\",\"position\":2,\"name\":\"Secundario\"}]},{\"@type\":\"WebSite\",\"@id\":\"https:\\\/\\\/trinity.esc.edu.ar\\\/en\\\/#website\",\"url\":\"https:\\\/\\\/trinity.esc.edu.ar\\\/en\\\/\",\"name\":\"Holy Trinity College | Colegio Biling\u00fce en Mar del Plata\",\"description\":\"Educaci\u00f3n biling\u00fce cat\u00f3lica en Mar del Plata. Jard\u00edn, Primaria y Secundario con formaci\u00f3n acad\u00e9mica, deportiva y valores para la vida.\",\"publisher\":{\"@id\":\"https:\\\/\\\/trinity.esc.edu.ar\\\/en\\\/#organization\"},\"potentialAction\":[{\"@type\":\"SearchAction\",\"target\":{\"@type\":\"EntryPoint\",\"urlTemplate\":\"https:\\\/\\\/trinity.esc.edu.ar\\\/en\\\/?s={search_term_string}\"},\"query-input\":{\"@type\":\"PropertyValueSpecification\",\"valueRequired\":true,\"valueName\":\"search_term_string\"}}],\"inLanguage\":\"en-US\"},{\"@type\":\"Organization\",\"@id\":\"https:\\\/\\\/trinity.esc.edu.ar\\\/en\\\/#organization\",\"name\":\"Holy Trinity College | Colegio Biling\u00fce en Mar del Plata\",\"url\":\"https:\\\/\\\/trinity.esc.edu.ar\\\/en\\\/\",\"logo\":{\"@type\":\"ImageObject\",\"inLanguage\":\"en-US\",\"@id\":\"https:\\\/\\\/trinity.esc.edu.ar\\\/en\\\/#\\\/schema\\\/logo\\\/image\\\/\",\"url\":\"https:\\\/\\\/trinity.esc.edu.ar\\\/wp-content\\\/uploads\\\/2021\\\/08\\\/logo.png\",\"contentUrl\":\"https:\\\/\\\/trinity.esc.edu.ar\\\/wp-content\\\/uploads\\\/2021\\\/08\\\/logo.png\",\"width\":385,\"height\":100,\"caption\":\"Holy Trinity College | Colegio Biling\u00fce en Mar del Plata\"},\"image\":{\"@id\":\"https:\\\/\\\/trinity.esc.edu.ar\\\/en\\\/#\\\/schema\\\/logo\\\/image\\\/\"}}]}<\/script>\n<!-- \/ Yoast SEO plugin. -->","yoast_head_json":{"title":"Secondary - Holy Trinity College | Bilingual School in Mar del Plata","robots":{"index":"index","follow":"follow","max-snippet":"max-snippet:-1","max-image-preview":"max-image-preview:large","max-video-preview":"max-video-preview:-1"},"canonical":"https:\/\/trinity.esc.edu.ar\/en\/secundario\/","og_locale":"en_US","og_type":"article","og_title":"Secundario - Holy Trinity College | Colegio Biling\u00fce en Mar del Plata","og_url":"https:\/\/trinity.esc.edu.ar\/en\/secundario\/","og_site_name":"Holy Trinity College | Colegio Biling\u00fce en Mar del Plata","article_modified_time":"2021-12-14T22:25:52+00:00","twitter_card":"summary_large_image","twitter_misc":{"Est. reading time":"3 minutes"},"schema":{"@context":"https:\/\/schema.org","@graph":[{"@type":"WebPage","@id":"https:\/\/trinity.esc.edu.ar\/secundario\/","url":"https:\/\/trinity.esc.edu.ar\/secundario\/","name":"Secondary - Holy Trinity College | Bilingual School in Mar del Plata","isPartOf":{"@id":"https:\/\/trinity.esc.edu.ar\/en\/#website"},"datePublished":"2021-12-06T17:37:23+00:00","dateModified":"2021-12-14T22:25:52+00:00","breadcrumb":{"@id":"https:\/\/trinity.esc.edu.ar\/secundario\/#breadcrumb"},"inLanguage":"en-US","potentialAction":[{"@type":"ReadAction","target":["https:\/\/trinity.esc.edu.ar\/secundario\/"]}]},{"@type":"BreadcrumbList","@id":"https:\/\/trinity.esc.edu.ar\/secundario\/#breadcrumb","itemListElement":[{"@type":"ListItem","position":1,"name":"Home","item":"https:\/\/trinity.esc.edu.ar\/en\/"},{"@type":"ListItem","position":2,"name":"Secundario"}]},{"@type":"WebSite","@id":"https:\/\/trinity.esc.edu.ar\/en\/#website","url":"https:\/\/trinity.esc.edu.ar\/en\/","name":"Holy Trinity College | Bilingual School in Mar del Plata","description":"Bilingual Catholic education in Mar del Plata. Kindergarten, Primary and Secondary with academic, sports and values training for life.","publisher":{"@id":"https:\/\/trinity.esc.edu.ar\/en\/#organization"},"potentialAction":[{"@type":"SearchAction","target":{"@type":"EntryPoint","urlTemplate":"https:\/\/trinity.esc.edu.ar\/en\/?s={search_term_string}"},"query-input":{"@type":"PropertyValueSpecification","valueRequired":true,"valueName":"search_term_string"}}],"inLanguage":"en-US"},{"@type":"Organization","@id":"https:\/\/trinity.esc.edu.ar\/en\/#organization","name":"Holy Trinity College | Bilingual School in Mar del Plata","url":"https:\/\/trinity.esc.edu.ar\/en\/","logo":{"@type":"ImageObject","inLanguage":"en-US","@id":"https:\/\/trinity.esc.edu.ar\/en\/#\/schema\/logo\/image\/","url":"https:\/\/trinity.esc.edu.ar\/wp-content\/uploads\/2021\/08\/logo.png","contentUrl":"https:\/\/trinity.esc.edu.ar\/wp-content\/uploads\/2021\/08\/logo.png","width":385,"height":100,"caption":"Holy Trinity College | Colegio Biling\u00fce en Mar del Plata"},"image":{"@id":"https:\/\/trinity.esc.edu.ar\/en\/#\/schema\/logo\/image\/"}}]}},"_links":{"self":[{"href":"https:\/\/trinity.esc.edu.ar\/en\/wp-json\/wp\/v2\/pages\/528","targetHints":{"allow":["GET"]}}],"collection":[{"href":"https:\/\/trinity.esc.edu.ar\/en\/wp-json\/wp\/v2\/pages"}],"about":[{"href":"https:\/\/trinity.esc.edu.ar\/en\/wp-json\/wp\/v2\/types\/page"}],"author":[{"embeddable":true,"href":"https:\/\/trinity.esc.edu.ar\/en\/wp-json\/wp\/v2\/users\/1"}],"replies":[{"embeddable":true,"href":"https:\/\/trinity.esc.edu.ar\/en\/wp-json\/wp\/v2\/comments?post=528"}],"version-history":[{"count":5,"href":"https:\/\/trinity.esc.edu.ar\/en\/wp-json\/wp\/v2\/pages\/528\/revisions"}],"predecessor-version":[{"id":706,"href":"https:\/\/trinity.esc.edu.ar\/en\/wp-json\/wp\/v2\/pages\/528\/revisions\/706"}],"wp:attachment":[{"href":"https:\/\/trinity.esc.edu.ar\/en\/wp-json\/wp\/v2\/media?parent=528"}],"curies":[{"name":"wp","href":"https:\/\/api.w.org\/{rel}","templated":true}]}}