{"id":488,"date":"2021-12-04T15:25:33","date_gmt":"2021-12-04T18:25:33","guid":{"rendered":"http:\/\/nuevo.trinity.esc.edu.ar\/?page_id=488"},"modified":"2021-12-04T15:37:48","modified_gmt":"2021-12-04T18:37:48","slug":"historia","status":"publish","type":"page","link":"https:\/\/trinity.esc.edu.ar\/en\/historia\/","title":{"rendered":"History"},"content":{"rendered":"<div class=\"container section-title-container\" ><h2 class=\"section-title section-title-center\"><b aria-hidden=\"true\"><\/b><span class=\"section-title-main\" >History<\/span><b aria-hidden=\"true\"><\/b><\/h2><\/div>\n<div class=\"row\"  id=\"row-342869459\">\n\n\t<div id=\"col-995430387\" class=\"col small-12 large-12\"  >\n\t\t\t\t<div class=\"col-inner text-center\"  >\n\t\t\t\n\t\t\t\n<p>It is located in the beautiful city of Mar del Plata, founded in 1989 as a Bilingual School. It has a Kindergarten, Primary School, Basic Secondary School and Multimodal Level.<\/p>\n<div class=\"section mcb-section\">\n<div class=\"section_wrapper mcb-section-inner\">\n<div class=\"wrap mcb-wrap one clearfix\">\n<div class=\"mcb-wrap-inner\">\n<div class=\"column mcb-column two-third column_column\">\n<div class=\"column_attr clearfix\" style=\"text-align: left;\">The programs are integrated in English and Spanish to direct them towards the international exams and pre-university curriculum in the second and third year of the Polymodal level. Among others, the PET and IGCSE of the University of Cambridge are offered, the Trinity Exams of the University of London and culminate with the IB of the Geneva-based International Baccalaureate Organization.<\/p>\n<p>The Sports Area is of great importance in the school, the boys and girls practice rugby, hockey, athletics, swimming, participating in tournaments in our country and abroad.<\/p>\n<p>Holy Trinity College provides excellent opportunities for international exchange programs. It has well-established links with the United States, Canada, England, South Africa, New Zealand, and almost every country in Latin America through the LAHC. It seeks to expand cultural awareness and global understanding through student interaction.<\/p>\n<\/div>\n<\/div>\n<\/div>\n<\/div>\n<\/div>\n<\/div>\n\t<div class=\"img has-hover x md-x lg-x y md-y lg-y\" id=\"image_1764957338\">\n\t\t\t\t\t\t\t\t<div class=\"img-inner dark\" >\n\t\t\t<img fetchpriority=\"high\" decoding=\"async\" width=\"530\" height=\"348\" src=\"https:\/\/trinity.esc.edu.ar\/wp-content\/uploads\/2021\/12\/historia.jpg\" class=\"attachment-large size-large\" alt=\"\" srcset=\"https:\/\/trinity.esc.edu.ar\/wp-content\/uploads\/2021\/12\/historia.jpg 530w, https:\/\/trinity.esc.edu.ar\/wp-content\/uploads\/2021\/12\/historia-300x197.jpg 300w\" sizes=\"(max-width: 530px) 100vw, 530px\" \/>\t\t\t\t\t\t\n\t\t\t\t\t<\/div>\n\t\t\t\t\t\t\t\t\n<style>\n#image_1764957338 {\n  width: 100%;\n}\n@media (min-width:550px) {\n  #image_1764957338 {\n    width: 80%;\n  }\n}\n<\/style>\n\t<\/div>\n\t\n<div class=\"section mcb-section\">\n<div class=\"section_wrapper mcb-section-inner\">\n<div class=\"wrap mcb-wrap one clearfix\">\n<div class=\"mcb-wrap-inner\">\n<div class=\"column mcb-column one-third column_column\" style=\"text-align: left;\">\n<div class=\"column_attr clearfix\">\n<div class=\"sliding_box\">\n<div class=\"desc_wrapper\">\n<h4><span style=\"font-size: 20.16px;\">History of the College: a chronology<\/span><\/h4>\n<\/div>\n<\/div>\n<\/div>\n<\/div>\n<div class=\"column mcb-column one column_column\" style=\"text-align: left;\">\n<div class=\"column_attr clearfix\">\n<p><b>1989 \u2013 The Foundation: Calle G\u00fcemes and Primera Junta<\/b><br \/>The Sant\u00edsima Trinidad school was born from the need of a group of parents who were looking for a first class education for their children. It sought to create a school that combined the values of traditional education with the most modern tools of current technology. In its first year, the school, together with its thirty founding students, managed to lay the foundations for a true bilingual school. Since its creation, it has been entrusted to Our Lady of Schoenstatt and follows the guidelines of the Schoenstatt Apostolic Movement in the formation of its students.<\/p>\n<p><b>1990 \u2013 Final settlement of the College in Villa Alzaga<\/b><br \/>The natural growth of enrollment and the excellent institutional project proposed determined the search for a larger building that could house the new students. On March 12, classes began in the current building: Villa Alzaga Unzu\u00e9, tripling the number of students compared to the previous year. Monsignor R\u00f3mulo Garc\u00eda, Bishop of Mar del Plata blessed the college and declared it a Catholic College of the Diocese of Mar del Plata.<\/p>\n<p><b>1991 \u2013 Opening of the Primary School with two courses of the 1st grade, one of the 2nd grade and one of the 3rd grade.<\/b><\/p>\n<p><b>1992 \u2013 Primary School is completed<\/b><br \/>Primary School is completed up to 7th grade.<\/p>\n<p><b>1993 \u2013 Opening of the Secondary School<\/b><br \/>The first international PET exams (Preliminary English Test\u2014Cambridge University) are taken. The College inaugurates expansion works.<\/p>\n<p><b>1994 \u2013 Exchanges with Bilingual Schools begin<\/b><br \/>The Department of Computing and Robotics is inaugurated. The TRINITYCLUB is founded in the facilities of the Polo Club, Camet.<\/p>\n<p><b>1995 \u2013 First international IGCSE exams<\/b><br \/>For the first time in Mar del Plata, the IGCSE international exams of the University of Cambridge are taken.<\/p>\n<p><b>1996<\/b>\u00a0\u2013 First Promotion of 5th Year<\/p>\n<p><b>1997 \u2013 Authorization of the International Baccalaureate Organization as the first<\/b><br \/>International Baccalaureate School in Mar del Plata<\/p>\n<p><b>1998<\/b>\u00a0\u2013 First International Baccalaureate certificates<\/p>\n<p><b>1999<\/b>\u00a0\u2013 First International Baccalaureate Bilingual Diplomas and authorization of the Bilingual Polimodal by Provision 592\/99<\/p>\n<p><b>2001<\/b>\u00a0\u2013 Authorization of the EGB and Polimodal as a Bilingual School by Provision 591\/01<\/p>\n<\/div>\n<\/div>\n<\/div>\n<\/div>\n<\/div>\n<\/div>\n<div class=\"section mcb-section\">\n<div class=\"section_wrapper mcb-section-inner\">\n<div class=\"wrap mcb-wrap one clearfix\">\n<div class=\"mcb-wrap-inner\">\n<div class=\"column mcb-column two-third column_column\" style=\"text-align: left;\">\n<div class=\"column_attr clearfix\">\n<h3>Characteristics of the College<\/h3>\n<p><b>Colegio Sant\u00edsima Trinidad is a bilingual school without any subsidy from any national or foreign government or organization. It is made up of three officially recognized school levels:<\/b><\/p>\n<p>\u2022 Kindergarten \u2013 DIPREGEP N\u00ba 5407<br \/>\u2022 EGB \u2013 DIPREGEP N\u00ba 2994<br \/>\u2022 Polimodal \u2013 DIPREGEP N\u00ba 3625<\/p>\n<p>It offers a means for the productive growth of students by providing a wide range of knowledge that prepares them in all aspects of knowledge to face future challenges and a framework of containment and support to achieve happy and supportive human beings.<\/p>\n<p>Colegio Sant\u00edsima Trinidad is distinguished by the integration of foreign students into national education programs, managing to respect and value their own identities and at the same time incorporate them into the knowledge of the Argentine national culture.<\/p>\n<\/div>\n<\/div>\n<div class=\"column mcb-column one-third column_column\" style=\"text-align: left;\">\n<div class=\"column_attr clearfix\">\n<div class=\"sliding_box\">\n<div class=\"desc_wrapper\">\n<h4><span style=\"font-size: 14.4px;\">The motto of the College, Qui laborat orat, who works prays, is inspired by the famous phrase of the Benedictine order ORAT ET LABORAT. The idea of offering daily effort in academic, social and personal matters is the engine that guides all members of the school. The goal of teamwork between teachers and students is to achieve the best possible results, but above all, it aspires to fully develop their potential.<\/span><\/h4>\n<\/div>\n<\/div>\n<\/div>\n<\/div>\n<\/div>\n<\/div>\n<\/div>\n<\/div>\n\t\t<\/div>\n\t\t\t\t\t<\/div>\n\n\t\n<\/div>","protected":false},"excerpt":{"rendered":"","protected":false},"author":1,"featured_media":0,"parent":0,"menu_order":0,"comment_status":"closed","ping_status":"closed","template":"","meta":{"footnotes":""},"class_list":["post-488","page","type-page","status-publish","hentry"],"yoast_head":"<!-- This site is optimized with the Yoast SEO plugin v27.3 - https:\/\/yoast.com\/product\/yoast-seo-wordpress\/ -->\n<title>Historia - Holy Trinity College | Colegio Biling\u00fce en Mar del Plata<\/title>\n<meta name=\"robots\" content=\"index, follow, max-snippet:-1, max-image-preview:large, max-video-preview:-1\" \/>\n<link rel=\"canonical\" href=\"https:\/\/trinity.esc.edu.ar\/en\/historia\/\" \/>\n<meta property=\"og:locale\" content=\"en_US\" \/>\n<meta property=\"og:type\" content=\"article\" \/>\n<meta property=\"og:title\" content=\"Historia - Holy Trinity College | Colegio Biling\u00fce en Mar del Plata\" \/>\n<meta property=\"og:url\" content=\"https:\/\/trinity.esc.edu.ar\/en\/historia\/\" \/>\n<meta property=\"og:site_name\" content=\"Holy Trinity College | Colegio Biling\u00fce en Mar del Plata\" \/>\n<meta property=\"article:modified_time\" content=\"2021-12-04T18:37:48+00:00\" \/>\n<meta name=\"twitter:card\" content=\"summary_large_image\" \/>\n<meta name=\"twitter:label1\" content=\"Est. reading time\" \/>\n\t<meta name=\"twitter:data1\" content=\"4 minutes\" \/>\n<script type=\"application\/ld+json\" class=\"yoast-schema-graph\">{\"@context\":\"https:\\\/\\\/schema.org\",\"@graph\":[{\"@type\":\"WebPage\",\"@id\":\"https:\\\/\\\/trinity.esc.edu.ar\\\/historia\\\/\",\"url\":\"https:\\\/\\\/trinity.esc.edu.ar\\\/historia\\\/\",\"name\":\"Historia - Holy Trinity College | Colegio Biling\u00fce en Mar del Plata\",\"isPartOf\":{\"@id\":\"https:\\\/\\\/trinity.esc.edu.ar\\\/#website\"},\"datePublished\":\"2021-12-04T18:25:33+00:00\",\"dateModified\":\"2021-12-04T18:37:48+00:00\",\"breadcrumb\":{\"@id\":\"https:\\\/\\\/trinity.esc.edu.ar\\\/historia\\\/#breadcrumb\"},\"inLanguage\":\"en-US\",\"potentialAction\":[{\"@type\":\"ReadAction\",\"target\":[\"https:\\\/\\\/trinity.esc.edu.ar\\\/historia\\\/\"]}]},{\"@type\":\"BreadcrumbList\",\"@id\":\"https:\\\/\\\/trinity.esc.edu.ar\\\/historia\\\/#breadcrumb\",\"itemListElement\":[{\"@type\":\"ListItem\",\"position\":1,\"name\":\"Home\",\"item\":\"https:\\\/\\\/trinity.esc.edu.ar\\\/\"},{\"@type\":\"ListItem\",\"position\":2,\"name\":\"Historia\"}]},{\"@type\":\"WebSite\",\"@id\":\"https:\\\/\\\/trinity.esc.edu.ar\\\/#website\",\"url\":\"https:\\\/\\\/trinity.esc.edu.ar\\\/\",\"name\":\"Holy Trinity College | Colegio Biling\u00fce en Mar del Plata\",\"description\":\"Educaci\u00f3n biling\u00fce cat\u00f3lica en Mar del Plata. Jard\u00edn, Primaria y Secundario con formaci\u00f3n acad\u00e9mica, deportiva y valores para la vida.\",\"publisher\":{\"@id\":\"https:\\\/\\\/trinity.esc.edu.ar\\\/#organization\"},\"potentialAction\":[{\"@type\":\"SearchAction\",\"target\":{\"@type\":\"EntryPoint\",\"urlTemplate\":\"https:\\\/\\\/trinity.esc.edu.ar\\\/?s={search_term_string}\"},\"query-input\":{\"@type\":\"PropertyValueSpecification\",\"valueRequired\":true,\"valueName\":\"search_term_string\"}}],\"inLanguage\":\"en-US\"},{\"@type\":\"Organization\",\"@id\":\"https:\\\/\\\/trinity.esc.edu.ar\\\/#organization\",\"name\":\"Holy Trinity College | Colegio Biling\u00fce en Mar del Plata\",\"url\":\"https:\\\/\\\/trinity.esc.edu.ar\\\/\",\"logo\":{\"@type\":\"ImageObject\",\"inLanguage\":\"en-US\",\"@id\":\"https:\\\/\\\/trinity.esc.edu.ar\\\/#\\\/schema\\\/logo\\\/image\\\/\",\"url\":\"https:\\\/\\\/trinity.esc.edu.ar\\\/wp-content\\\/uploads\\\/2021\\\/08\\\/logo.png\",\"contentUrl\":\"https:\\\/\\\/trinity.esc.edu.ar\\\/wp-content\\\/uploads\\\/2021\\\/08\\\/logo.png\",\"width\":385,\"height\":100,\"caption\":\"Holy Trinity College | Colegio Biling\u00fce en Mar del Plata\"},\"image\":{\"@id\":\"https:\\\/\\\/trinity.esc.edu.ar\\\/#\\\/schema\\\/logo\\\/image\\\/\"}}]}<\/script>\n<!-- \/ Yoast SEO plugin. -->","yoast_head_json":{"title":"History - Holy Trinity College | Bilingual School in Mar del Plata","robots":{"index":"index","follow":"follow","max-snippet":"max-snippet:-1","max-image-preview":"max-image-preview:large","max-video-preview":"max-video-preview:-1"},"canonical":"https:\/\/trinity.esc.edu.ar\/en\/historia\/","og_locale":"en_US","og_type":"article","og_title":"Historia - Holy Trinity College | Colegio Biling\u00fce en Mar del Plata","og_url":"https:\/\/trinity.esc.edu.ar\/en\/historia\/","og_site_name":"Holy Trinity College | Colegio Biling\u00fce en Mar del Plata","article_modified_time":"2021-12-04T18:37:48+00:00","twitter_card":"summary_large_image","twitter_misc":{"Est. reading time":"4 minutes"},"schema":{"@context":"https:\/\/schema.org","@graph":[{"@type":"WebPage","@id":"https:\/\/trinity.esc.edu.ar\/historia\/","url":"https:\/\/trinity.esc.edu.ar\/historia\/","name":"History - Holy Trinity College | Bilingual School in Mar del Plata","isPartOf":{"@id":"https:\/\/trinity.esc.edu.ar\/#website"},"datePublished":"2021-12-04T18:25:33+00:00","dateModified":"2021-12-04T18:37:48+00:00","breadcrumb":{"@id":"https:\/\/trinity.esc.edu.ar\/historia\/#breadcrumb"},"inLanguage":"en-US","potentialAction":[{"@type":"ReadAction","target":["https:\/\/trinity.esc.edu.ar\/historia\/"]}]},{"@type":"BreadcrumbList","@id":"https:\/\/trinity.esc.edu.ar\/historia\/#breadcrumb","itemListElement":[{"@type":"ListItem","position":1,"name":"Home","item":"https:\/\/trinity.esc.edu.ar\/"},{"@type":"ListItem","position":2,"name":"Historia"}]},{"@type":"WebSite","@id":"https:\/\/trinity.esc.edu.ar\/#website","url":"https:\/\/trinity.esc.edu.ar\/","name":"Holy Trinity College | Bilingual School in Mar del Plata","description":"Bilingual Catholic education in Mar del Plata. Kindergarten, Primary and Secondary with academic, sports and values training for life.","publisher":{"@id":"https:\/\/trinity.esc.edu.ar\/#organization"},"potentialAction":[{"@type":"SearchAction","target":{"@type":"EntryPoint","urlTemplate":"https:\/\/trinity.esc.edu.ar\/?s={search_term_string}"},"query-input":{"@type":"PropertyValueSpecification","valueRequired":true,"valueName":"search_term_string"}}],"inLanguage":"en-US"},{"@type":"Organization","@id":"https:\/\/trinity.esc.edu.ar\/#organization","name":"Holy Trinity College | Bilingual School in Mar del Plata","url":"https:\/\/trinity.esc.edu.ar\/","logo":{"@type":"ImageObject","inLanguage":"en-US","@id":"https:\/\/trinity.esc.edu.ar\/#\/schema\/logo\/image\/","url":"https:\/\/trinity.esc.edu.ar\/wp-content\/uploads\/2021\/08\/logo.png","contentUrl":"https:\/\/trinity.esc.edu.ar\/wp-content\/uploads\/2021\/08\/logo.png","width":385,"height":100,"caption":"Holy Trinity College | Colegio Biling\u00fce en Mar del Plata"},"image":{"@id":"https:\/\/trinity.esc.edu.ar\/#\/schema\/logo\/image\/"}}]}},"_links":{"self":[{"href":"https:\/\/trinity.esc.edu.ar\/en\/wp-json\/wp\/v2\/pages\/488","targetHints":{"allow":["GET"]}}],"collection":[{"href":"https:\/\/trinity.esc.edu.ar\/en\/wp-json\/wp\/v2\/pages"}],"about":[{"href":"https:\/\/trinity.esc.edu.ar\/en\/wp-json\/wp\/v2\/types\/page"}],"author":[{"embeddable":true,"href":"https:\/\/trinity.esc.edu.ar\/en\/wp-json\/wp\/v2\/users\/1"}],"replies":[{"embeddable":true,"href":"https:\/\/trinity.esc.edu.ar\/en\/wp-json\/wp\/v2\/comments?post=488"}],"version-history":[{"count":0,"href":"https:\/\/trinity.esc.edu.ar\/en\/wp-json\/wp\/v2\/pages\/488\/revisions"}],"wp:attachment":[{"href":"https:\/\/trinity.esc.edu.ar\/en\/wp-json\/wp\/v2\/media?parent=488"}],"curies":[{"name":"wp","href":"https:\/\/api.w.org\/{rel}","templated":true}]}}