{"id":213,"date":"2021-09-01T12:55:33","date_gmt":"2021-09-01T15:55:33","guid":{"rendered":"http:\/\/nuevo.trinity.esc.edu.ar\/?page_id=213"},"modified":"2021-12-14T19:15:58","modified_gmt":"2021-12-14T22:15:58","slug":"primario","status":"publish","type":"page","link":"https:\/\/trinity.esc.edu.ar\/en\/primario\/","title":{"rendered":"Primary"},"content":{"rendered":"<div class=\"container section-title-container\" ><h2 class=\"section-title section-title-center\"><b aria-hidden=\"true\"><\/b><span class=\"section-title-main\" >Primary<\/span><b aria-hidden=\"true\"><\/b><\/h2><\/div>\n<div class=\"row\"  id=\"row-1271507658\">\n\n\t<div id=\"col-139335353\" class=\"col medium-4 small-12 large-4\"  >\n\t\t\t\t<div class=\"col-inner\"  >\n\t\t\t\n\t\t\t\n\t<div class=\"img has-hover x md-x lg-x y md-y lg-y\" id=\"image_1473408174\">\n\t\t\t\t\t\t\t\t<div class=\"img-inner dark\" >\n\t\t\t<img fetchpriority=\"high\" decoding=\"async\" width=\"1020\" height=\"765\" src=\"https:\/\/trinity.esc.edu.ar\/wp-content\/uploads\/2021\/12\/20190627_155618-1024x768.jpg\" class=\"attachment-large size-large\" alt=\"\" srcset=\"https:\/\/trinity.esc.edu.ar\/wp-content\/uploads\/2021\/12\/20190627_155618-1024x768.jpg 1024w, https:\/\/trinity.esc.edu.ar\/wp-content\/uploads\/2021\/12\/20190627_155618-300x225.jpg 300w, https:\/\/trinity.esc.edu.ar\/wp-content\/uploads\/2021\/12\/20190627_155618-768x576.jpg 768w, https:\/\/trinity.esc.edu.ar\/wp-content\/uploads\/2021\/12\/20190627_155618-1536x1152.jpg 1536w, https:\/\/trinity.esc.edu.ar\/wp-content\/uploads\/2021\/12\/20190627_155618-2048x1536.jpg 2048w\" sizes=\"(max-width: 1020px) 100vw, 1020px\" \/>\t\t\t\t\t\t\n\t\t\t\t\t<\/div>\n\t\t\t\t\t\t\t\t\n<style>\n#image_1473408174 {\n  width: 100%;\n}\n<\/style>\n\t<\/div>\n\t\n\t\t<\/div>\n\t\t\t\t\t<\/div>\n\n\t\n\n\t<div id=\"col-106087344\" class=\"col medium-4 small-12 large-4\"  >\n\t\t\t\t<div class=\"col-inner\"  >\n\t\t\t\n\t\t\t\n\t<div class=\"img has-hover x md-x lg-x y md-y lg-y\" id=\"image_110673954\">\n\t\t\t\t\t\t\t\t<div class=\"img-inner dark\" >\n\t\t\t<img decoding=\"async\" width=\"1020\" height=\"765\" src=\"https:\/\/trinity.esc.edu.ar\/wp-content\/uploads\/2021\/12\/IMG-20181128-WA0066-1024x768.jpg\" class=\"attachment-large size-large\" alt=\"\" srcset=\"https:\/\/trinity.esc.edu.ar\/wp-content\/uploads\/2021\/12\/IMG-20181128-WA0066-1024x768.jpg 1024w, https:\/\/trinity.esc.edu.ar\/wp-content\/uploads\/2021\/12\/IMG-20181128-WA0066-300x225.jpg 300w, https:\/\/trinity.esc.edu.ar\/wp-content\/uploads\/2021\/12\/IMG-20181128-WA0066-768x576.jpg 768w, https:\/\/trinity.esc.edu.ar\/wp-content\/uploads\/2021\/12\/IMG-20181128-WA0066.jpg 1032w\" sizes=\"(max-width: 1020px) 100vw, 1020px\" \/>\t\t\t\t\t\t\n\t\t\t\t\t<\/div>\n\t\t\t\t\t\t\t\t\n<style>\n#image_110673954 {\n  width: 100%;\n}\n<\/style>\n\t<\/div>\n\t\n\t\t<\/div>\n\t\t\t\t\t<\/div>\n\n\t\n\n\t<div id=\"col-2072902495\" class=\"col medium-4 small-12 large-4\"  >\n\t\t\t\t<div class=\"col-inner\"  >\n\t\t\t\n\t\t\t\n\t<div class=\"img has-hover x md-x lg-x y md-y lg-y\" id=\"image_73403117\">\n\t\t\t\t\t\t\t\t<div class=\"img-inner dark\" >\n\t\t\t<img decoding=\"async\" width=\"1020\" height=\"765\" src=\"https:\/\/trinity.esc.edu.ar\/wp-content\/uploads\/2021\/12\/IMG-20190607-WA0191-1024x768.jpg\" class=\"attachment-large size-large\" alt=\"\" srcset=\"https:\/\/trinity.esc.edu.ar\/wp-content\/uploads\/2021\/12\/IMG-20190607-WA0191-1024x768.jpg 1024w, https:\/\/trinity.esc.edu.ar\/wp-content\/uploads\/2021\/12\/IMG-20190607-WA0191-300x225.jpg 300w, https:\/\/trinity.esc.edu.ar\/wp-content\/uploads\/2021\/12\/IMG-20190607-WA0191-768x576.jpg 768w, https:\/\/trinity.esc.edu.ar\/wp-content\/uploads\/2021\/12\/IMG-20190607-WA0191.jpg 1280w\" sizes=\"(max-width: 1020px) 100vw, 1020px\" \/>\t\t\t\t\t\t\n\t\t\t\t\t<\/div>\n\t\t\t\t\t\t\t\t\n<style>\n#image_73403117 {\n  width: 100%;\n}\n<\/style>\n\t<\/div>\n\t\n\t\t<\/div>\n\t\t\t\t\t<\/div>\n\n\t\n<\/div>\n<div class=\"row\"  id=\"row-253194184\">\n\n\t<div id=\"col-280198679\" class=\"col small-12 large-12\"  >\n\t\t\t\t<div class=\"col-inner\"  >\n\t\t\t\n\t\t\t\n<h3>Objectives of basic primary schooling<\/h3>\n<p>1) Educate children, in the practice of the teachings of the Catholic Church.<\/p>\n<p>2) Arouse respect for traditions and national symbols.<\/p>\n<p>3) Awaken love for family, school and society.<\/p>\n<p>4) Promote feelings of love and human solidarity.<\/p>\n<p>5) Educate in the habits of the use of freedom, with responsibility, order, companionship, discipline and mutual respect and towards their elders.<\/p>\n<p>6) Stimulate body development and ensure physical health care<\/p>\n<p>7) Develop your individual identity and help you in your social openness.<\/p>\n<p>8) Provide a physical and spiritual environment that meets children&#039;s interests and needs.<\/p>\n<p>9) Help the process of intellectual development, through experiences that allow reaching desirable levels of learning.<\/p>\n<p>10) Channel the natural disposition to inquire and explore.<\/p>\n<p>11) Develop and enrich the language.<\/p>\n<p>12) Initiate children in the comprehension and spontaneous use of the English language.<\/p>\n<p>13) Promote creative learning and all forms of expression.<\/p>\n<p>14) Provide all the necessary support and guidance so that they can fully develop their potential.<\/p>\n<p>15) Complement the action of the family in providing the child with a happy childhood.<\/p>\n<h3>pedagogical principles<\/h3>\n<p>1) Base the methodology on the self-construction of learning.<\/p>\n<p>2) Stimulate in children the interest to reflect, investigate and experiment.<\/p>\n<p>3) Give them the opportunity to think for themselves, stimulating critical and independent thinking and exercising skills to argue and question judiciously.<\/p>\n<p>4) Present situations that allow them to explore materials, seek solutions, develop proposals and solve problems.<\/p>\n<p>5) Promote attitudes of dialogue, understanding, respect for differences and solidarity cooperation.<\/p>\n<p>6) Revalue the practice and value of reading, enriching oral and written expression.<\/p>\n<p>7) Initiate them in the intelligent use of new technological tools.<\/p>\n<p>8) Cultivate attitudes of autonomy, responsibility and joy in work and study.<\/p>\n<p>9) Select the most effective didactic strategies to guarantee the acquisition and evaluation of knowledge, making the child participate in his\/her own process of overcoming<\/p>\n<h3>The Introduction of the International Program for Primary Schools (IPC)<\/h3>\n<p>Throughout history, Holy Trinity College has been committed to educating bilingual students with exceptional academic skills and knowledge, as well as high moral and personal values.<\/p>\n<p>Currently our great dilemma is whether we are really \u201cpreparing our children for the world they live in and that they will inherit as adults.\u201d The abundance and availability of information are redefining the nature of what brings true education. The challenge before us is to determine if our kids will be well equipped to understand, practice and lead effectively in this rapidly changing global community.<\/p>\n<p>As part of our policy of permanent improvement of the school and to prepare our children for this new world in which the pattern is change, we have recently implemented the IPC.<br \/>The IPC promotes an international approach to learning, allowing children to firmly respect their local roots and, in turn, helping them to open up to the world. It also aims to make learning fun and exciting, as well as academically deep and rigorous.<br \/>The IPC turns out to be a fantastic interdisciplinary tool to coordinate work in English and Spanish, and to increase oral expression and communication skills in both languages. At the same time, it instills a solid education in personal values. The clear goals and objectives of the IPC help us to integrate our Spanish and English program, with the teachers of both languages working as a team, planning and sharing activities, analyzing teaching techniques and jointly reflecting on the results.<\/p>\n<p>The IPC work units develop extremely creative interdisciplinary activities that motivate all members of the school. The clarity of the objectives set during the units, together with the practical activities and the wealth of content, allow the children to actively participate in their learning process and develop an international openness. The boys work independently, being able to exercise their autonomy, doing research and combining it with their previous knowledge, and finally drawing conclusions that demonstrate their reasoning abilities.<\/p>\n<p>Last but not least, they feel proud of their achievements, showing greater commitment and participation in all tasks. They take advantage of opportunities to cooperate and work independently, and to negotiate, debate and exchange opinions in class. They show greater creativity in the process, by imagining other alternatives or possibilities in the face of the problems raised in the units.<\/p>\n<p>They also show responsibility for their own learning and are aware of their progress. At the same time, the teachers take on a different role, becoming facilitators and guiding the children through this process of acquiring knowledge, skills and understanding of specific topics.<\/p>\n<p><b>For us, the IPC is much more than a program\u2026it is an exceptional learning experience!<\/b><\/p>\n\t\t<\/div>\n\t\t\t\t\t<\/div>\n\n\t\n<\/div>\n\n  \n    <div class=\"row large-columns-5 medium-columns-3 small-columns-2\" >\n  <div class=\"gallery-col col\" >\n          <div class=\"col-inner\">\n            <a class=\"image-lightbox lightbox-gallery\" href=\"https:\/\/trinity.esc.edu.ar\/wp-content\/uploads\/2021\/12\/IMG-20160310-WA0020-1-1024x576.jpg\" title=\"\">            <div class=\"box has-hover gallery-box box-overlay dark\">\n              <div class=\"box-image\" >\n                <img loading=\"lazy\" decoding=\"async\" width=\"300\" height=\"169\" src=\"https:\/\/trinity.esc.edu.ar\/wp-content\/uploads\/2021\/12\/IMG-20160310-WA0020-1-300x169.jpg\" class=\"attachment-medium size-medium\" alt=\"\" ids=\"684,686,688,689,685\" columns=\"5\" srcset=\"https:\/\/trinity.esc.edu.ar\/wp-content\/uploads\/2021\/12\/IMG-20160310-WA0020-1-300x169.jpg 300w, https:\/\/trinity.esc.edu.ar\/wp-content\/uploads\/2021\/12\/IMG-20160310-WA0020-1-1024x576.jpg 1024w, https:\/\/trinity.esc.edu.ar\/wp-content\/uploads\/2021\/12\/IMG-20160310-WA0020-1-768x432.jpg 768w, https:\/\/trinity.esc.edu.ar\/wp-content\/uploads\/2021\/12\/IMG-20160310-WA0020-1-1536x864.jpg 1536w, https:\/\/trinity.esc.edu.ar\/wp-content\/uploads\/2021\/12\/IMG-20160310-WA0020-1.jpg 1600w\" sizes=\"(max-width: 300px) 100vw, 300px\" \/>                                  <div class=\"overlay fill\"\n                      style=\"background-color: rgba(0,0,0,.15)\">\n                  <\/div>\n                                                              <\/div>\n              <div class=\"box-text text-left\" >\n                 <p><\/p>\n              <\/div>\n            <\/div>\n            <\/a>          <\/div>\n         <\/div><div class=\"gallery-col col\" >\n          <div class=\"col-inner\">\n            <a class=\"image-lightbox lightbox-gallery\" href=\"https:\/\/trinity.esc.edu.ar\/wp-content\/uploads\/2021\/12\/IMG-20190607-WA0206-1-1024x768.jpg\" title=\"\">            <div class=\"box has-hover gallery-box box-overlay dark\">\n              <div class=\"box-image\" >\n                <img loading=\"lazy\" decoding=\"async\" width=\"300\" height=\"225\" src=\"https:\/\/trinity.esc.edu.ar\/wp-content\/uploads\/2021\/12\/IMG-20190607-WA0206-1-300x225.jpg\" class=\"attachment-medium size-medium\" alt=\"\" ids=\"684,686,688,689,685\" columns=\"5\" srcset=\"https:\/\/trinity.esc.edu.ar\/wp-content\/uploads\/2021\/12\/IMG-20190607-WA0206-1-300x225.jpg 300w, https:\/\/trinity.esc.edu.ar\/wp-content\/uploads\/2021\/12\/IMG-20190607-WA0206-1-1024x768.jpg 1024w, https:\/\/trinity.esc.edu.ar\/wp-content\/uploads\/2021\/12\/IMG-20190607-WA0206-1-768x576.jpg 768w, https:\/\/trinity.esc.edu.ar\/wp-content\/uploads\/2021\/12\/IMG-20190607-WA0206-1.jpg 1280w\" sizes=\"(max-width: 300px) 100vw, 300px\" \/>                                  <div class=\"overlay fill\"\n                      style=\"background-color: rgba(0,0,0,.15)\">\n                  <\/div>\n                                                              <\/div>\n              <div class=\"box-text text-left\" >\n                 <p><\/p>\n              <\/div>\n            <\/div>\n            <\/a>          <\/div>\n         <\/div><div class=\"gallery-col col\" >\n          <div class=\"col-inner\">\n            <a class=\"image-lightbox lightbox-gallery\" href=\"https:\/\/trinity.esc.edu.ar\/wp-content\/uploads\/2021\/12\/IMG-20190627-WA0059-1-1024x768.jpg\" title=\"\">            <div class=\"box has-hover gallery-box box-overlay dark\">\n              <div class=\"box-image\" >\n                <img loading=\"lazy\" decoding=\"async\" width=\"300\" height=\"225\" src=\"https:\/\/trinity.esc.edu.ar\/wp-content\/uploads\/2021\/12\/IMG-20190627-WA0059-1-300x225.jpg\" class=\"attachment-medium size-medium\" alt=\"\" ids=\"684,686,688,689,685\" columns=\"5\" srcset=\"https:\/\/trinity.esc.edu.ar\/wp-content\/uploads\/2021\/12\/IMG-20190627-WA0059-1-300x225.jpg 300w, https:\/\/trinity.esc.edu.ar\/wp-content\/uploads\/2021\/12\/IMG-20190627-WA0059-1-1024x768.jpg 1024w, https:\/\/trinity.esc.edu.ar\/wp-content\/uploads\/2021\/12\/IMG-20190627-WA0059-1-768x576.jpg 768w, https:\/\/trinity.esc.edu.ar\/wp-content\/uploads\/2021\/12\/IMG-20190627-WA0059-1.jpg 1032w\" sizes=\"(max-width: 300px) 100vw, 300px\" \/>                                  <div class=\"overlay fill\"\n                      style=\"background-color: rgba(0,0,0,.15)\">\n                  <\/div>\n                                                              <\/div>\n              <div class=\"box-text text-left\" >\n                 <p><\/p>\n              <\/div>\n            <\/div>\n            <\/a>          <\/div>\n         <\/div><div class=\"gallery-col col\" >\n          <div class=\"col-inner\">\n            <a class=\"image-lightbox lightbox-gallery\" href=\"https:\/\/trinity.esc.edu.ar\/wp-content\/uploads\/2021\/12\/primaria-1.jpeg\" title=\"\">            <div class=\"box has-hover gallery-box box-overlay dark\">\n              <div class=\"box-image\" >\n                <img loading=\"lazy\" decoding=\"async\" width=\"300\" height=\"200\" src=\"https:\/\/trinity.esc.edu.ar\/wp-content\/uploads\/2021\/12\/primaria-1-300x200.jpeg\" class=\"attachment-medium size-medium\" alt=\"\" ids=\"684,686,688,689,685\" columns=\"5\" srcset=\"https:\/\/trinity.esc.edu.ar\/wp-content\/uploads\/2021\/12\/primaria-1-300x200.jpeg 300w, https:\/\/trinity.esc.edu.ar\/wp-content\/uploads\/2021\/12\/primaria-1-768x512.jpeg 768w, https:\/\/trinity.esc.edu.ar\/wp-content\/uploads\/2021\/12\/primaria-1.jpeg 1024w\" sizes=\"(max-width: 300px) 100vw, 300px\" \/>                                  <div class=\"overlay fill\"\n                      style=\"background-color: rgba(0,0,0,.15)\">\n                  <\/div>\n                                                              <\/div>\n              <div class=\"box-text text-left\" >\n                 <p><\/p>\n              <\/div>\n            <\/div>\n            <\/a>          <\/div>\n         <\/div><div class=\"gallery-col col\" >\n          <div class=\"col-inner\">\n            <a class=\"image-lightbox lightbox-gallery\" href=\"https:\/\/trinity.esc.edu.ar\/wp-content\/uploads\/2021\/12\/IMG-20190605-WA0072-1-768x1024.jpg\" title=\"\">            <div class=\"box has-hover gallery-box box-overlay dark\">\n              <div class=\"box-image\" >\n                <img loading=\"lazy\" decoding=\"async\" width=\"225\" height=\"300\" src=\"https:\/\/trinity.esc.edu.ar\/wp-content\/uploads\/2021\/12\/IMG-20190605-WA0072-1-225x300.jpg\" class=\"attachment-medium size-medium\" alt=\"\" ids=\"684,686,688,689,685\" columns=\"5\" srcset=\"https:\/\/trinity.esc.edu.ar\/wp-content\/uploads\/2021\/12\/IMG-20190605-WA0072-1-225x300.jpg 225w, https:\/\/trinity.esc.edu.ar\/wp-content\/uploads\/2021\/12\/IMG-20190605-WA0072-1-768x1024.jpg 768w, https:\/\/trinity.esc.edu.ar\/wp-content\/uploads\/2021\/12\/IMG-20190605-WA0072-1.jpg 960w\" sizes=\"(max-width: 225px) 100vw, 225px\" \/>                                  <div class=\"overlay fill\"\n                      style=\"background-color: rgba(0,0,0,.15)\">\n                  <\/div>\n                                                              <\/div>\n              <div class=\"box-text text-left\" >\n                 <p><\/p>\n              <\/div>\n            <\/div>\n            <\/a>          <\/div>\n         <\/div><\/div>","protected":false},"excerpt":{"rendered":"","protected":false},"author":1,"featured_media":0,"parent":0,"menu_order":0,"comment_status":"closed","ping_status":"closed","template":"","meta":{"footnotes":""},"class_list":["post-213","page","type-page","status-publish","hentry"],"yoast_head":"<!-- This site is optimized with the Yoast SEO plugin v27.6 - https:\/\/yoast.com\/product\/yoast-seo-wordpress\/ -->\n<title>Primario - Holy Trinity College | Colegio Biling\u00fce en Mar del Plata<\/title>\n<meta name=\"robots\" content=\"index, follow, max-snippet:-1, max-image-preview:large, max-video-preview:-1\" \/>\n<link rel=\"canonical\" href=\"https:\/\/trinity.esc.edu.ar\/en\/primario\/\" \/>\n<meta property=\"og:locale\" content=\"en_US\" \/>\n<meta property=\"og:type\" content=\"article\" \/>\n<meta property=\"og:title\" content=\"Primario - Holy Trinity College | Colegio Biling\u00fce en Mar del Plata\" \/>\n<meta property=\"og:url\" content=\"https:\/\/trinity.esc.edu.ar\/en\/primario\/\" \/>\n<meta property=\"og:site_name\" content=\"Holy Trinity College | Colegio Biling\u00fce en Mar del Plata\" \/>\n<meta property=\"article:modified_time\" content=\"2021-12-14T22:15:58+00:00\" \/>\n<meta name=\"twitter:card\" content=\"summary_large_image\" \/>\n<meta name=\"twitter:label1\" content=\"Est. reading time\" \/>\n\t<meta name=\"twitter:data1\" content=\"5 minutes\" \/>\n<script type=\"application\/ld+json\" class=\"yoast-schema-graph\">{\"@context\":\"https:\\\/\\\/schema.org\",\"@graph\":[{\"@type\":\"WebPage\",\"@id\":\"https:\\\/\\\/trinity.esc.edu.ar\\\/primario\\\/\",\"url\":\"https:\\\/\\\/trinity.esc.edu.ar\\\/primario\\\/\",\"name\":\"Primario - Holy Trinity College | Colegio Biling\u00fce en Mar del Plata\",\"isPartOf\":{\"@id\":\"https:\\\/\\\/trinity.esc.edu.ar\\\/en\\\/#website\"},\"datePublished\":\"2021-09-01T15:55:33+00:00\",\"dateModified\":\"2021-12-14T22:15:58+00:00\",\"breadcrumb\":{\"@id\":\"https:\\\/\\\/trinity.esc.edu.ar\\\/primario\\\/#breadcrumb\"},\"inLanguage\":\"en-US\",\"potentialAction\":[{\"@type\":\"ReadAction\",\"target\":[\"https:\\\/\\\/trinity.esc.edu.ar\\\/primario\\\/\"]}]},{\"@type\":\"BreadcrumbList\",\"@id\":\"https:\\\/\\\/trinity.esc.edu.ar\\\/primario\\\/#breadcrumb\",\"itemListElement\":[{\"@type\":\"ListItem\",\"position\":1,\"name\":\"Home\",\"item\":\"https:\\\/\\\/trinity.esc.edu.ar\\\/en\\\/\"},{\"@type\":\"ListItem\",\"position\":2,\"name\":\"Primario\"}]},{\"@type\":\"WebSite\",\"@id\":\"https:\\\/\\\/trinity.esc.edu.ar\\\/en\\\/#website\",\"url\":\"https:\\\/\\\/trinity.esc.edu.ar\\\/en\\\/\",\"name\":\"Holy Trinity College | Colegio Biling\u00fce en Mar del Plata\",\"description\":\"Educaci\u00f3n biling\u00fce cat\u00f3lica en Mar del Plata. Jard\u00edn, Primaria y Secundario con formaci\u00f3n acad\u00e9mica, deportiva y valores para la vida.\",\"publisher\":{\"@id\":\"https:\\\/\\\/trinity.esc.edu.ar\\\/en\\\/#organization\"},\"potentialAction\":[{\"@type\":\"SearchAction\",\"target\":{\"@type\":\"EntryPoint\",\"urlTemplate\":\"https:\\\/\\\/trinity.esc.edu.ar\\\/en\\\/?s={search_term_string}\"},\"query-input\":{\"@type\":\"PropertyValueSpecification\",\"valueRequired\":true,\"valueName\":\"search_term_string\"}}],\"inLanguage\":\"en-US\"},{\"@type\":\"Organization\",\"@id\":\"https:\\\/\\\/trinity.esc.edu.ar\\\/en\\\/#organization\",\"name\":\"Holy Trinity College | Colegio Biling\u00fce en Mar del Plata\",\"url\":\"https:\\\/\\\/trinity.esc.edu.ar\\\/en\\\/\",\"logo\":{\"@type\":\"ImageObject\",\"inLanguage\":\"en-US\",\"@id\":\"https:\\\/\\\/trinity.esc.edu.ar\\\/en\\\/#\\\/schema\\\/logo\\\/image\\\/\",\"url\":\"https:\\\/\\\/trinity.esc.edu.ar\\\/wp-content\\\/uploads\\\/2021\\\/08\\\/logo.png\",\"contentUrl\":\"https:\\\/\\\/trinity.esc.edu.ar\\\/wp-content\\\/uploads\\\/2021\\\/08\\\/logo.png\",\"width\":385,\"height\":100,\"caption\":\"Holy Trinity College | Colegio Biling\u00fce en Mar del Plata\"},\"image\":{\"@id\":\"https:\\\/\\\/trinity.esc.edu.ar\\\/en\\\/#\\\/schema\\\/logo\\\/image\\\/\"}}]}<\/script>\n<!-- \/ Yoast SEO plugin. -->","yoast_head_json":{"title":"Primary - Holy Trinity College | Bilingual School in Mar del Plata","robots":{"index":"index","follow":"follow","max-snippet":"max-snippet:-1","max-image-preview":"max-image-preview:large","max-video-preview":"max-video-preview:-1"},"canonical":"https:\/\/trinity.esc.edu.ar\/en\/primario\/","og_locale":"en_US","og_type":"article","og_title":"Primario - Holy Trinity College | Colegio Biling\u00fce en Mar del Plata","og_url":"https:\/\/trinity.esc.edu.ar\/en\/primario\/","og_site_name":"Holy Trinity College | Colegio Biling\u00fce en Mar del Plata","article_modified_time":"2021-12-14T22:15:58+00:00","twitter_card":"summary_large_image","twitter_misc":{"Est. reading time":"5 minutes"},"schema":{"@context":"https:\/\/schema.org","@graph":[{"@type":"WebPage","@id":"https:\/\/trinity.esc.edu.ar\/primario\/","url":"https:\/\/trinity.esc.edu.ar\/primario\/","name":"Primary - Holy Trinity College | Bilingual School in Mar del Plata","isPartOf":{"@id":"https:\/\/trinity.esc.edu.ar\/en\/#website"},"datePublished":"2021-09-01T15:55:33+00:00","dateModified":"2021-12-14T22:15:58+00:00","breadcrumb":{"@id":"https:\/\/trinity.esc.edu.ar\/primario\/#breadcrumb"},"inLanguage":"en-US","potentialAction":[{"@type":"ReadAction","target":["https:\/\/trinity.esc.edu.ar\/primario\/"]}]},{"@type":"BreadcrumbList","@id":"https:\/\/trinity.esc.edu.ar\/primario\/#breadcrumb","itemListElement":[{"@type":"ListItem","position":1,"name":"Home","item":"https:\/\/trinity.esc.edu.ar\/en\/"},{"@type":"ListItem","position":2,"name":"Primario"}]},{"@type":"WebSite","@id":"https:\/\/trinity.esc.edu.ar\/en\/#website","url":"https:\/\/trinity.esc.edu.ar\/en\/","name":"Holy Trinity College | Bilingual School in Mar del Plata","description":"Bilingual Catholic education in Mar del Plata. Kindergarten, Primary and Secondary with academic, sports and values training for life.","publisher":{"@id":"https:\/\/trinity.esc.edu.ar\/en\/#organization"},"potentialAction":[{"@type":"SearchAction","target":{"@type":"EntryPoint","urlTemplate":"https:\/\/trinity.esc.edu.ar\/en\/?s={search_term_string}"},"query-input":{"@type":"PropertyValueSpecification","valueRequired":true,"valueName":"search_term_string"}}],"inLanguage":"en-US"},{"@type":"Organization","@id":"https:\/\/trinity.esc.edu.ar\/en\/#organization","name":"Holy Trinity College | Bilingual School in Mar del Plata","url":"https:\/\/trinity.esc.edu.ar\/en\/","logo":{"@type":"ImageObject","inLanguage":"en-US","@id":"https:\/\/trinity.esc.edu.ar\/en\/#\/schema\/logo\/image\/","url":"https:\/\/trinity.esc.edu.ar\/wp-content\/uploads\/2021\/08\/logo.png","contentUrl":"https:\/\/trinity.esc.edu.ar\/wp-content\/uploads\/2021\/08\/logo.png","width":385,"height":100,"caption":"Holy Trinity College | Colegio Biling\u00fce en Mar del Plata"},"image":{"@id":"https:\/\/trinity.esc.edu.ar\/en\/#\/schema\/logo\/image\/"}}]}},"_links":{"self":[{"href":"https:\/\/trinity.esc.edu.ar\/en\/wp-json\/wp\/v2\/pages\/213","targetHints":{"allow":["GET"]}}],"collection":[{"href":"https:\/\/trinity.esc.edu.ar\/en\/wp-json\/wp\/v2\/pages"}],"about":[{"href":"https:\/\/trinity.esc.edu.ar\/en\/wp-json\/wp\/v2\/types\/page"}],"author":[{"embeddable":true,"href":"https:\/\/trinity.esc.edu.ar\/en\/wp-json\/wp\/v2\/users\/1"}],"replies":[{"embeddable":true,"href":"https:\/\/trinity.esc.edu.ar\/en\/wp-json\/wp\/v2\/comments?post=213"}],"version-history":[{"count":5,"href":"https:\/\/trinity.esc.edu.ar\/en\/wp-json\/wp\/v2\/pages\/213\/revisions"}],"predecessor-version":[{"id":691,"href":"https:\/\/trinity.esc.edu.ar\/en\/wp-json\/wp\/v2\/pages\/213\/revisions\/691"}],"wp:attachment":[{"href":"https:\/\/trinity.esc.edu.ar\/en\/wp-json\/wp\/v2\/media?parent=213"}],"curies":[{"name":"wp","href":"https:\/\/api.w.org\/{rel}","templated":true}]}}