{"id":212,"date":"2021-09-01T12:55:21","date_gmt":"2021-09-01T15:55:21","guid":{"rendered":"http:\/\/nuevo.trinity.esc.edu.ar\/?page_id=212"},"modified":"2026-03-31T15:47:01","modified_gmt":"2026-03-31T18:47:01","slug":"informacion-general","status":"publish","type":"page","link":"https:\/\/trinity.esc.edu.ar\/en\/informacion-general\/","title":{"rendered":"General information"},"content":{"rendered":"<div class=\"container section-title-container\" ><h2 class=\"section-title section-title-center\"><b aria-hidden=\"true\"><\/b><span class=\"section-title-main\" >General information<\/span><b aria-hidden=\"true\"><\/b><\/h2><\/div>\n\n<div class=\"row\"  id=\"row-91768264\">\n\n\n\t<div id=\"col-1645478550\" class=\"col small-12 large-12\"  >\n\t\t\t\t<div class=\"col-inner text-center\"  >\n\t\t\t\n\t\t\t\n\n\t<div id=\"text-1908157738\" class=\"text\">\n\t\t\n\n<div class=\"column mcb-column two-third column_column\">\n<div class=\"column_attr clearfix\"><b>Holy Trinity College<\/b>\u00a0was founded in 1989 with the ultimate goal of guiding young people towards a comprehensive Catholic education, a deep love of country and bilingual training at a level of excellence, combining traditional values with solid and modern instruction.<br \/>It has mixed levels of Initial Education, Basic Primary Education, Basic Secondary Education and Polymodal Education. Holy Trinity College is a member of the International School Association and the Geneva-based International Baccalaureate Organization.<br \/><br \/>It offers the preparation of several international exams, among them the Trinity College-London-, the IGCSE of the University of Cambridge and finally the International Baccalaureate diploma. Officially it provides the National Bilingual Polimodal certificate in Natural Sciences and Humanities and Social Sciences.<br \/>It has entered into agreements with important universities in the country, obtaining significant benefits for the admission of graduate students, and it is the venue for distance entrance exams for some of them.<br \/><br \/>At\u00a0<b>computer area<\/b> research projects are presented within the CIT program of the University of Cambridge. The School has state-of-the-art equipment distributed in two PC laboratories according to the level of the students, a robotics workshop and a Cyber distribution, control and support center.<\/div>\n<\/div>\n\t\t\n<style>\n#text-1908157738 {\n  text-align: left;\n}\n<\/style>\n\t<\/div>\n\t\n\t<div class=\"img has-hover x md-x lg-x y md-y lg-y\" id=\"image_1697095281\">\n\t\t\t\t\t\t\t\t<div class=\"img-inner dark\" >\n\t\t\t<img fetchpriority=\"high\" decoding=\"async\" width=\"1020\" height=\"574\" src=\"https:\/\/trinity.esc.edu.ar\/wp-content\/uploads\/2021\/12\/Informacion-GRAL-1024x576.jpg\" class=\"attachment-large size-large\" alt=\"\" srcset=\"https:\/\/trinity.esc.edu.ar\/wp-content\/uploads\/2021\/12\/Informacion-GRAL-1024x576.jpg 1024w, https:\/\/trinity.esc.edu.ar\/wp-content\/uploads\/2021\/12\/Informacion-GRAL-300x169.jpg 300w, https:\/\/trinity.esc.edu.ar\/wp-content\/uploads\/2021\/12\/Informacion-GRAL-768x432.jpg 768w, https:\/\/trinity.esc.edu.ar\/wp-content\/uploads\/2021\/12\/Informacion-GRAL-1536x864.jpg 1536w, https:\/\/trinity.esc.edu.ar\/wp-content\/uploads\/2021\/12\/Informacion-GRAL-2048x1152.jpg 2048w\" sizes=\"(max-width: 1020px) 100vw, 1020px\" \/>\t\t\t\t\t\t\n\t\t\t\t\t<\/div>\n\t\t\t\t\t\t\t\t\n<style>\n#image_1697095281 {\n  width: 100%;\n}\n@media (min-width:550px) {\n  #image_1697095281 {\n    width: 100%;\n  }\n}\n<\/style>\n\t<\/div>\n\t\n\n\t<div id=\"text-2344081886\" class=\"text\">\n\t\t\n\n<div class=\"column mcb-column one-third column_column\">\n<div class=\"column_attr clearfix\">\n<div class=\"sliding_box\">\n<div class=\"desc_wrapper\">\n<h4>Holy Trinity College<\/h4>\n<\/div>\n<\/div>\n<\/div>\n<\/div>\n<div class=\"column mcb-column one column_column\">\n<div class=\"column_attr clearfix\">Finally, in October 1999, the Global Communications Center was inaugurated, integrating the Library to a new group of twenty computerized research stations.<br \/><br \/><b>The sports area<\/b>\u00a0It is very important in the life of the school. The boys practice hockey, rugby, athletics and swimming. They have a full morning of sports, or three hours a week in the afternoon depending on the level they attend.<br \/>They actively participate in local, national and international tournaments with excellent results.<br \/>Exchanges are carried out with other schools, including England and France, to stimulate openness and awareness of the local and international reality in our students, tending to the formation of young people with responsibility, capacity for work and a spirit of solidarity.<br \/><br \/>The study is implemented\u00a0<b>French language<\/b>\u00a0from the 6th year with the Workshop Dynamics- and studying at the French Alliance is stimulated, through agreements that favor our students, for mastering a third language.<br \/><br \/>The\u00a0<b>music area<\/b>\u00a0It has a Junior and Senior Choir, as well as an enthusiastic Junior and Senior Orchestra - actively training from the 6th year on - with performances inside and outside the School.<br \/><br \/>At\u00a0<b>plastic area<\/b>\u00a0classes of ceramics, drawing and painting, works with watercolors and oils, are developed during school hours and optional extraclass. ART has been incorporated into the Polimodal programs as one of the options for students for their international exams.<br \/><br \/>\n<h3>Holy Trinity College aspires for its students to be able to enter the University on the basis of an integrated bilingual education and for this it seeks to:<\/h3>\n\u2022 Stimulate curiosity, interest and enthusiasm for science and its applications.<br \/>\u2022 Promote interest in caring for their environment.<br \/>\u2022 Determine your vocation and know how to use your free time.<br \/>\u2022 Stimulate respect, order, discipline and the cultivation of the sciences, the humanities and the aesthetic experience.<br \/>\u2022 Develop your ability to manage your daily life.<br \/>\u2022 Create favorable conditions for a full and happy human formation.<br \/><br \/>Our School is nourished and sustained by the principles and values of the Schoenstatt spirituality.<br \/><br \/><b>Holy Trinity College<\/b>\u00a0It is made up of a group of families who maintain a very fluid relationship with the School Directorate. Social activities and sporting events are organized with great frequency and enthusiastic participation, permanent support groups are set up for specific purposes (eg assistance to parish kitchens, nurseries) with great support from all families.<\/div>\n<\/div>\n\t\t\n<style>\n#text-2344081886 {\n  text-align: left;\n}\n<\/style>\n\t<\/div>\n\t\n<div class=\"container section-title-container\" ><h2 class=\"section-title section-title-center\"><b aria-hidden=\"true\"><\/b><span class=\"section-title-main\" >Our Shield<\/span><b aria-hidden=\"true\"><\/b><\/h2><\/div>\n\n\t<div class=\"img has-hover x md-x lg-x y md-y lg-y\" id=\"image_1595879491\">\n\t\t\t\t\t\t\t\t<div class=\"img-inner dark\" >\n\t\t\t<img decoding=\"async\" width=\"256\" height=\"256\" src=\"https:\/\/trinity.esc.edu.ar\/wp-content\/uploads\/2021\/12\/school-herald.png\" class=\"attachment-large size-large\" alt=\"\" srcset=\"https:\/\/trinity.esc.edu.ar\/wp-content\/uploads\/2021\/12\/school-herald.png 256w, https:\/\/trinity.esc.edu.ar\/wp-content\/uploads\/2021\/12\/school-herald-150x150.png 150w\" sizes=\"(max-width: 256px) 100vw, 256px\" \/>\t\t\t\t\t\t\n\t\t\t\t\t<\/div>\n\t\t\t\t\t\t\t\t\n<style>\n#image_1595879491 {\n  width: 75%;\n}\n@media (min-width:550px) {\n  #image_1595879491 {\n    width: 25%;\n  }\n}\n<\/style>\n\t<\/div>\n\t\n\n\t<div id=\"text-2790452121\" class=\"text\">\n\t\t\n\n<div class=\"column mcb-column two-third column_column\">\n<div class=\"column_attr clearfix\">\n<h4>Symbols bring us closer to values. What does the Shield of our College mean? Let&#039;s analyze:<\/h4>\n<p><b>CIRCULAR FIELD:<\/b>\u00a0In the circle, emblem of eternity, the dove of the Holy Spirit is inscribed, white and ascending, looking towards the East, point where the sun rises every day, figure of the sun without sunset that is Christ. The dove occupies the center of the circle and signifies the unity, the origin, the &quot;heart&quot; of the shield.<\/p>\n<p>The circle is a figure of infinity, of perfection and of the return to unity after multiplicity, due to its light blue color it represents the vault of the firmament. The white dove and the light blue circle give the &quot;Argentine&quot; character to the shield&#039;s symbology.<\/p>\n<p>This concentric shape enclosed, in turn, in another blue circle that bears the school motto \u201cQui laborat orat\u201d, synthesizes the inclination or project of the family that adopts this path. Reach union with God, which is prayer through work and study.<\/p>\n<\/div>\n<div class=\"column_attr clearfix\"><b style=\"font-size: 14.4px;\">CROWN:<\/b><span style=\"font-size: 14.4px;\">\u00a0As if emerging from the circle, the crown of Mary-Queen emerges. This crown, an emblem of light, is composed of a cross in its upper middle part and nine gold pearls. The design is completed by two fleurs-de-lis that distinguish the two &quot;houses&quot; &quot;Red&quot; and &quot;Yellow&quot; within the school, a synthesis of the heraldic values of gules (red) and gold, with its characteristics of &quot;intrepidity&quot;, &quot;courage \u201d and \u201cboldness\u201d, \u201cstrength\u201d, \u201cfaith\u201d and \u201cconstancy\u201d. While the color azur (blue), which means majesty, beauty and serenity, is the appropriate framework to &quot;contain&quot; the spirit of Love of the Father and the Son and promote the practice of the ideal: prayer and work, work turned into prayer.<\/span><\/div>\n<\/div>\n<div class=\"column mcb-column one column_column\">\n<div class=\"column_attr clearfix\">The nine gold pearls on the crown are an emblem of the Trinitarian number, while the fleurs-de-lis symbolize the three-petaled lily, the flower of virginity in the medieval French heraldic tradition and a clear allusion to the perpetual virginity of Mary.\n<p>The total figure of the shield includes in its lower base, the label of &quot;Holy Trinity College&quot;!, while those that tend upwards form a triangle figure of the Holy Trinity, whose vertex is found with the cross, a clear allusion to wisdom what you aspire to achieve.<\/p>\n<\/div>\n<\/div>\n\t\t\n<style>\n#text-2790452121 {\n  text-align: left;\n}\n@media (min-width:550px) {\n  #text-2790452121 {\n    text-align: left;\n  }\n}\n<\/style>\n\t<\/div>\n\t\n\n\t\t<\/div>\n\t\t\t\t\t<\/div>\n\n\t\n\n<\/div>\n\n\t<section class=\"section\" id=\"section_246105087\">\n\t\t<div class=\"section-bg fill\" >\n\t\t\t\t\t\t\t\t\t\n\t\t\t\n\t<div class=\"is-border\"\n\t\tstyle=\"border-color:rgb(235, 235, 235);border-width:1px 1px 1px 1px;\">\n\t<\/div>\n\n\t\t<\/div>\n\n\t\t\n\n\t\t<div class=\"section-content relative\">\n\t\t\t\n\n<div class=\"row row-collapse align-middle align-center\"  id=\"row-827556159\">\n\n\n\t<div id=\"col-898026252\" class=\"col medium-6 small-12 large-6\"  >\n\t\t\t\t<div class=\"col-inner text-center\"  >\n\t\t\t\n\t\t\t\n\n\t<div id=\"text-1049512481\" class=\"text\">\n\t\t\n\n<h2><strong>New headquarters<\/strong><\/h2>\n<ul type=\"circle\">\n<li><strong>Address:<\/strong>\u00a0Av. Jorge Newbery 5050<u><\/u><u><\/u><\/li>\n<li><strong>Phone:<\/strong> 223-548-7481<u><\/u><u><\/u><\/li>\n<li><strong>Email: <\/strong><a href=\"mailto:trinityrj@trinity.esc.edu.ar\">trinityrj@trinity.esc.<wbr \/>edu.ar<\/a><\/li>\n<\/ul>\n\t\t\n<style>\n#text-1049512481 {\n  text-align: left;\n}\n<\/style>\n\t<\/div>\n\t\n\n\t\t<\/div>\n\t\t\t\t\n<style>\n#col-898026252 > .col-inner {\n  padding: 0px 0px 0px 50px;\n}\n<\/style>\n\t<\/div>\n\n\t\n\n\t<div id=\"col-1666304751\" class=\"col medium-6 small-12 large-6\"  >\n\t\t\t\t<div class=\"col-inner box-shadow-2 box-shadow-5-hover\" style=\"background-color:rgb(255, 255, 255);\" >\n\t\t\t\n\t\t\t\n\n\n\n<iframe src=\"https:\/\/www.google.com\/maps\/embed?pb=!1m14!1m8!1m3!1d3246.7770237561685!2d-57.5890708!3d-38.0829695!3m2!1i1024!2i768!4f13.1!3m3!1m2!1s0x9584e12f79552d01%3A0x36dba99aa24214c4!2sRumenco%20Joven!5e1!3m2!1ses-419!2sar!4v1774982033763!5m2!1ses-419!2sar\" width=\"100%\" height=\"400\" style=\"border:0;\" allowfullscreen=\"\" loading=\"lazy\" referrerpolicy=\"no-referrer-when-downgrade\"><\/iframe>\n\n\n\t\t<\/div>\n\t\t\t\t\n<style>\n#col-1666304751 > .col-inner {\n  padding: 0px 0px 0px 0px;\n  margin: 0px 0px 0px 0px;\n}\n<\/style>\n\t<\/div>\n\n\t\n\n<\/div>\n\n\t\t<\/div>\n\n\t\t\n<style>\n#section_246105087 {\n  padding-top: 30px;\n  padding-bottom: 30px;\n  min-height: 300px;\n  background-color: rgba(248, 248, 248, 0.477);\n}\n<\/style>\n\t<\/section>","protected":false},"excerpt":{"rendered":"","protected":false},"author":1,"featured_media":0,"parent":0,"menu_order":0,"comment_status":"closed","ping_status":"closed","template":"","meta":{"footnotes":""},"class_list":["post-212","page","type-page","status-publish","hentry"],"yoast_head":"<!-- This site is optimized with the Yoast SEO plugin v27.3 - https:\/\/yoast.com\/product\/yoast-seo-wordpress\/ -->\n<title>Informaci\u00f3n General - Holy Trinity College | Colegio Biling\u00fce en Mar del Plata<\/title>\n<meta name=\"robots\" content=\"index, follow, max-snippet:-1, max-image-preview:large, max-video-preview:-1\" \/>\n<link rel=\"canonical\" href=\"https:\/\/trinity.esc.edu.ar\/en\/informacion-general\/\" \/>\n<meta property=\"og:locale\" content=\"en_US\" \/>\n<meta property=\"og:type\" content=\"article\" \/>\n<meta property=\"og:title\" content=\"Informaci\u00f3n General - Holy Trinity College | Colegio Biling\u00fce en Mar del Plata\" \/>\n<meta property=\"og:url\" content=\"https:\/\/trinity.esc.edu.ar\/en\/informacion-general\/\" \/>\n<meta property=\"og:site_name\" content=\"Holy Trinity College | Colegio Biling\u00fce en Mar del Plata\" \/>\n<meta property=\"article:modified_time\" content=\"2026-03-31T18:47:01+00:00\" \/>\n<meta name=\"twitter:card\" content=\"summary_large_image\" \/>\n<meta name=\"twitter:label1\" content=\"Est. reading time\" \/>\n\t<meta name=\"twitter:data1\" content=\"6 minutes\" \/>\n<script type=\"application\/ld+json\" class=\"yoast-schema-graph\">{\"@context\":\"https:\\\/\\\/schema.org\",\"@graph\":[{\"@type\":\"WebPage\",\"@id\":\"https:\\\/\\\/trinity.esc.edu.ar\\\/informacion-general\\\/\",\"url\":\"https:\\\/\\\/trinity.esc.edu.ar\\\/informacion-general\\\/\",\"name\":\"Informaci\u00f3n General - Holy Trinity College | Colegio Biling\u00fce en Mar del Plata\",\"isPartOf\":{\"@id\":\"https:\\\/\\\/trinity.esc.edu.ar\\\/#website\"},\"datePublished\":\"2021-09-01T15:55:21+00:00\",\"dateModified\":\"2026-03-31T18:47:01+00:00\",\"breadcrumb\":{\"@id\":\"https:\\\/\\\/trinity.esc.edu.ar\\\/informacion-general\\\/#breadcrumb\"},\"inLanguage\":\"en-US\",\"potentialAction\":[{\"@type\":\"ReadAction\",\"target\":[\"https:\\\/\\\/trinity.esc.edu.ar\\\/informacion-general\\\/\"]}]},{\"@type\":\"BreadcrumbList\",\"@id\":\"https:\\\/\\\/trinity.esc.edu.ar\\\/informacion-general\\\/#breadcrumb\",\"itemListElement\":[{\"@type\":\"ListItem\",\"position\":1,\"name\":\"Home\",\"item\":\"https:\\\/\\\/trinity.esc.edu.ar\\\/\"},{\"@type\":\"ListItem\",\"position\":2,\"name\":\"Informaci\u00f3n General\"}]},{\"@type\":\"WebSite\",\"@id\":\"https:\\\/\\\/trinity.esc.edu.ar\\\/#website\",\"url\":\"https:\\\/\\\/trinity.esc.edu.ar\\\/\",\"name\":\"Holy Trinity College | Colegio Biling\u00fce en Mar del Plata\",\"description\":\"Educaci\u00f3n biling\u00fce cat\u00f3lica en Mar del Plata. Jard\u00edn, Primaria y Secundario con formaci\u00f3n acad\u00e9mica, deportiva y valores para la vida.\",\"publisher\":{\"@id\":\"https:\\\/\\\/trinity.esc.edu.ar\\\/#organization\"},\"potentialAction\":[{\"@type\":\"SearchAction\",\"target\":{\"@type\":\"EntryPoint\",\"urlTemplate\":\"https:\\\/\\\/trinity.esc.edu.ar\\\/?s={search_term_string}\"},\"query-input\":{\"@type\":\"PropertyValueSpecification\",\"valueRequired\":true,\"valueName\":\"search_term_string\"}}],\"inLanguage\":\"en-US\"},{\"@type\":\"Organization\",\"@id\":\"https:\\\/\\\/trinity.esc.edu.ar\\\/#organization\",\"name\":\"Holy Trinity College | Colegio Biling\u00fce en Mar del Plata\",\"url\":\"https:\\\/\\\/trinity.esc.edu.ar\\\/\",\"logo\":{\"@type\":\"ImageObject\",\"inLanguage\":\"en-US\",\"@id\":\"https:\\\/\\\/trinity.esc.edu.ar\\\/#\\\/schema\\\/logo\\\/image\\\/\",\"url\":\"https:\\\/\\\/trinity.esc.edu.ar\\\/wp-content\\\/uploads\\\/2021\\\/08\\\/logo.png\",\"contentUrl\":\"https:\\\/\\\/trinity.esc.edu.ar\\\/wp-content\\\/uploads\\\/2021\\\/08\\\/logo.png\",\"width\":385,\"height\":100,\"caption\":\"Holy Trinity College | Colegio Biling\u00fce en Mar del Plata\"},\"image\":{\"@id\":\"https:\\\/\\\/trinity.esc.edu.ar\\\/#\\\/schema\\\/logo\\\/image\\\/\"}}]}<\/script>\n<!-- \/ Yoast SEO plugin. -->","yoast_head_json":{"title":"General Information - Holy Trinity College | Bilingual School in Mar del Plata","robots":{"index":"index","follow":"follow","max-snippet":"max-snippet:-1","max-image-preview":"max-image-preview:large","max-video-preview":"max-video-preview:-1"},"canonical":"https:\/\/trinity.esc.edu.ar\/en\/informacion-general\/","og_locale":"en_US","og_type":"article","og_title":"Informaci\u00f3n General - Holy Trinity College | Colegio Biling\u00fce en Mar del Plata","og_url":"https:\/\/trinity.esc.edu.ar\/en\/informacion-general\/","og_site_name":"Holy Trinity College | Colegio Biling\u00fce en Mar del Plata","article_modified_time":"2026-03-31T18:47:01+00:00","twitter_card":"summary_large_image","twitter_misc":{"Est. reading time":"6 minutes"},"schema":{"@context":"https:\/\/schema.org","@graph":[{"@type":"WebPage","@id":"https:\/\/trinity.esc.edu.ar\/informacion-general\/","url":"https:\/\/trinity.esc.edu.ar\/informacion-general\/","name":"General Information - Holy Trinity College | Bilingual School in Mar del Plata","isPartOf":{"@id":"https:\/\/trinity.esc.edu.ar\/#website"},"datePublished":"2021-09-01T15:55:21+00:00","dateModified":"2026-03-31T18:47:01+00:00","breadcrumb":{"@id":"https:\/\/trinity.esc.edu.ar\/informacion-general\/#breadcrumb"},"inLanguage":"en-US","potentialAction":[{"@type":"ReadAction","target":["https:\/\/trinity.esc.edu.ar\/informacion-general\/"]}]},{"@type":"BreadcrumbList","@id":"https:\/\/trinity.esc.edu.ar\/informacion-general\/#breadcrumb","itemListElement":[{"@type":"ListItem","position":1,"name":"Home","item":"https:\/\/trinity.esc.edu.ar\/"},{"@type":"ListItem","position":2,"name":"Informaci\u00f3n General"}]},{"@type":"WebSite","@id":"https:\/\/trinity.esc.edu.ar\/#website","url":"https:\/\/trinity.esc.edu.ar\/","name":"Holy Trinity College | Bilingual School in Mar del Plata","description":"Bilingual Catholic education in Mar del Plata. Kindergarten, Primary and Secondary with academic, sports and values training for life.","publisher":{"@id":"https:\/\/trinity.esc.edu.ar\/#organization"},"potentialAction":[{"@type":"SearchAction","target":{"@type":"EntryPoint","urlTemplate":"https:\/\/trinity.esc.edu.ar\/?s={search_term_string}"},"query-input":{"@type":"PropertyValueSpecification","valueRequired":true,"valueName":"search_term_string"}}],"inLanguage":"en-US"},{"@type":"Organization","@id":"https:\/\/trinity.esc.edu.ar\/#organization","name":"Holy Trinity College | Bilingual School in Mar del Plata","url":"https:\/\/trinity.esc.edu.ar\/","logo":{"@type":"ImageObject","inLanguage":"en-US","@id":"https:\/\/trinity.esc.edu.ar\/#\/schema\/logo\/image\/","url":"https:\/\/trinity.esc.edu.ar\/wp-content\/uploads\/2021\/08\/logo.png","contentUrl":"https:\/\/trinity.esc.edu.ar\/wp-content\/uploads\/2021\/08\/logo.png","width":385,"height":100,"caption":"Holy Trinity College | Colegio Biling\u00fce en Mar del Plata"},"image":{"@id":"https:\/\/trinity.esc.edu.ar\/#\/schema\/logo\/image\/"}}]}},"_links":{"self":[{"href":"https:\/\/trinity.esc.edu.ar\/en\/wp-json\/wp\/v2\/pages\/212","targetHints":{"allow":["GET"]}}],"collection":[{"href":"https:\/\/trinity.esc.edu.ar\/en\/wp-json\/wp\/v2\/pages"}],"about":[{"href":"https:\/\/trinity.esc.edu.ar\/en\/wp-json\/wp\/v2\/types\/page"}],"author":[{"embeddable":true,"href":"https:\/\/trinity.esc.edu.ar\/en\/wp-json\/wp\/v2\/users\/1"}],"replies":[{"embeddable":true,"href":"https:\/\/trinity.esc.edu.ar\/en\/wp-json\/wp\/v2\/comments?post=212"}],"version-history":[{"count":0,"href":"https:\/\/trinity.esc.edu.ar\/en\/wp-json\/wp\/v2\/pages\/212\/revisions"}],"wp:attachment":[{"href":"https:\/\/trinity.esc.edu.ar\/en\/wp-json\/wp\/v2\/media?parent=212"}],"curies":[{"name":"wp","href":"https:\/\/api.w.org\/{rel}","templated":true}]}}